{"id":379,"date":"2017-01-14T15:04:13","date_gmt":"2017-01-14T14:04:13","guid":{"rendered":"http:\/\/www.acocvetic.com\/?page_id=379"},"modified":"2017-01-14T15:04:34","modified_gmt":"2017-01-14T14:04:34","slug":"portfolio-og-referanser","status":"publish","type":"page","link":"https:\/\/acocvetic.com\/nb\/portfolio-og-referanser","title":{"rendered":"Portfolio og referanser"},"content":{"rendered":"<p>[et_pb_section admin_label=&raquo;section&raquo;][et_pb_row admin_label=&raquo;row&raquo;][et_pb_column type=&raquo;4_4&#8243;][et_pb_text admin_label=&raquo;Text&raquo; background_layout=&raquo;light&raquo; text_orientation=&raquo;left&raquo; use_border_color=&raquo;off&raquo; border_color=&raquo;#ffffff&raquo; border_style=&raquo;solid&raquo; text_font_size=&raquo;20&#8243; text_text_color=&raquo;#008bdb&raquo; text_letter_spacing=&raquo;1px&raquo;]<\/p>\n<p style=\"text-align: center;\"><strong>Portfolio<\/strong><\/p>\n<p>[\/et_pb_text][et_pb_portfolio admin_label=&raquo;Portfolio&raquo; fullwidth=&raquo;off&raquo; include_categories=&raquo;2&#8243; show_title=&raquo;on&raquo; show_categories=&raquo;on&raquo; show_pagination=&raquo;off&raquo; background_layout=&raquo;light&raquo; hover_overlay_color=&raquo;rgba(255,255,255,0.9)&raquo; use_border_color=&raquo;off&raquo; border_color=&raquo;#ffffff&raquo; border_style=&raquo;solid&raquo; saved_tabs=&raquo;all&raquo; custom_css_portfolio_title=&raquo;text-align:center;&raquo; posts_number=&raquo;12&#8243;]<\/p>\n<p>[\/et_pb_portfolio][et_pb_text admin_label=&raquo;Text&raquo; background_layout=&raquo;light&raquo; text_orientation=&raquo;left&raquo; use_border_color=&raquo;off&raquo; border_color=&raquo;#ffffff&raquo; border_style=&raquo;solid&raquo; text_text_color=&raquo;#008bdb&raquo; text_letter_spacing=&raquo;1px&raquo; text_font_size=&raquo;20&#8243;]<\/p>\n<hr \/>\n<p>&nbsp;<\/p>\n<p style=\"text-align: center;\"><strong>References<\/strong><\/p>\n<p>[\/et_pb_text][et_pb_text admin_label=&raquo;Text&raquo; background_layout=&raquo;light&raquo; text_orientation=&raquo;left&raquo; use_border_color=&raquo;off&raquo; border_color=&raquo;#ffffff&raquo; border_style=&raquo;solid&raquo;]<\/p>\n<p><strong>2016<\/strong><\/p>\n<p><strong>Christine Blundell&#8217;s Makeup Academy (England) &#8211;\u00a0<\/strong>Website redesign, image and websites speed optimization, ux, seo, pdf catalogues creation, email marketing, custom pages (from pdf magazine to html\/css)<\/p>\n<p><strong>Beat &#8211;<\/strong>\u00a0Website design (from pdf to wordpress), website load speed and image optimization, seo<\/p>\n<p><strong>Oxford Acquisitions (England) &#8211;<\/strong>\u00a0Website load speed optimization and seo<\/p>\n<p><strong>Stari Grad Band &#8211;<\/strong>\u00a0Website redesign (WordPress), seo, website load speed and image optimization, online marketing, social media marketing<\/p>\n<p><strong>Kennel Club &laquo;Dragan Radovi\u0107 D\u017eoni&raquo; &#8211; <\/strong>Website design\u00a0(WordPress), page load speed and image size optimization, complex contact form creation for dog show enrollement,\u00a0seo,\u00a0how to use wordpress pdf instructions booklet creation<\/p>\n<p><strong>Aztech Exchange (\u0160panija) &#8211; <\/strong>Website template creation (Bootstrap) from pdf, image optimization<\/p>\n<p><strong>Vodoingenering &#8211;<\/strong>\u00a0Website redesign (WordPress), seo and\u00a0website speed and image optimization.<\/p>\n<p><strong>Oxford Apartment\u00a0(England) &#8211;<\/strong> Website optimization (page load speed and image size optimization), advance SEO and website maintenance.<\/p>\n<p><strong>Purple Industries (USA)<\/strong> \u2013 Website design\u00a0(in process),\u00a0seo planning and online marketing.<\/p>\n<p><strong>\u0160iler Enterijeri\u00a0&#8211;<\/strong> Website and google optimization, and advance SEO (including google ban removal), maintenance and online marketing<\/p>\n<p><strong>Gradis &#8211;<\/strong> Wedsite design (WordPress), seo i website speed and image optimization.<\/p>\n<p><strong>Exall &#8211;\u00a0<\/strong>Wedsite design (WordPress)<\/p>\n<hr \/>\n<p><strong>2015 <\/strong><\/p>\n<p><strong>Cohen Forman Barone LLP (USA) \u2013 <\/strong>Development of responsive wordpress theme from scratch using provided .psd design, and designing of additional pages<\/p>\n<p><strong>Akvapan\u00a0\u2013<\/strong> Website redesign (WordPress), image optimization for the web, banner design, pdf catalogues edit, SEO<\/p>\n<p><strong>Gau\u010dosi Tavern \u2013 Second Home, Belgrade \u2013<\/strong> Website redesign\u00a0(WordPress)<\/p>\n<p><strong>Digitalna Prodavnica\u00a0\u2013\u00a0<\/strong> Website redesign from opencart to wordpress (Online Store),\u00a0image optimization for the web, banner design, online marketing, SEO, Digital Signage presentation design and administration, business card and flyer design.<\/p>\n<p><strong>K-Diamant &amp; Servis Ta\u010dak\u00a0(Croatia) \u2013<\/strong> Website design (WordPress), image optimization for the web, banner design, online marketing and\u00a0SEO<\/p>\n<p><strong>Trendy Travel \u2013<\/strong> Website design (WordPress), online marketing, photography, image optimization for the web, banner design, SEO<\/p>\n<p><strong>Prirodni kamen fontana \u2013<\/strong> Website design (WordPress)<\/p>\n<p><strong>Metaloprerada\u00a0\u2013<\/strong> Website design (WordPress)<\/p>\n<p><strong>Mag032\u00a0\u2013<\/strong> Website design (WordPress)<\/p>\n<p><strong>Vila Smokva (Montenegro)\u00a0\u2013 <\/strong>Website design (WordPress)<\/p>\n<hr \/>\n<p><strong>2014 <\/strong><\/p>\n<p><strong>Digitalna\u00a0Store \u2013\u00a0<\/strong>Website design (Online shop\u00a0\/ Opencart), products photography\u00a0(Photo Box), image\u00a0optimization for the web, preapration and optimization of the text for the website, online marketing and\u00a0SEO, business cards design<\/p>\n<p><strong>Originalni Parfemi\u00a0\u2013\u00a0<\/strong>Website design (Online shop\u00a0\/ Opencart), products photography\u00a0(Photo Box), image\u00a0optimization for the web, preapration and optimization of the text for the website, online marketing and\u00a0SEO<\/p>\n<p><strong>Acoustic Band \u010ca\u010dak \u2013<\/strong> Website maintenance (Drupal) and SEO<\/p>\n<p><strong>Balkan Holand\u00a0\u2013<\/strong> Website design\u00a0(WordPress)<\/p>\n<p><strong>Sme\u0161taj Ulcinj\u00a0 (Montenegro) \u2013<\/strong> Website design (WordPress)<\/p>\n<p><strong>Ercom \u2013\u00a0<\/strong> Website redesign (WordPress)<\/p>\n<p><strong>Ideus\u00a0\u2013 <\/strong>Website design\u00a0(WordPress), photo shooting, image optimization, online marketing and\u00a0SEO<\/p>\n<hr \/>\n<p><strong>2013 <\/strong><\/p>\n<p><strong>Njardar Vikinglag (Norway) \u2013<\/strong> Website design\u00a0(WordPress), photo shoots and content preparation<\/p>\n<p><strong>Pedja Auto\u00a0(Italija)\u00a0\u2013<\/strong> Website design (WordPress)<\/p>\n<p><strong>Vibbet \u2013<\/strong> Website design (WordPress), SEO, online marketing<\/p>\n<p><strong>Elkom\u00a0\u00a0(Montenegro) \u2013<\/strong> Website design (Photoshop \u2013 HTML\/CSS\/JS)\u00a0and website translation<\/p>\n<p><strong>Apartmani Delfini (Montenegro)<\/strong>\u00a0\u2013 Website design\u00a0(WordPress) and website translation<\/p>\n<p><strong>Experience Ulcinj (Montenegro)\u00a0\u2013 <\/strong>Website maintenance\u00a0(WordPress) and\u00a0online marketing<\/p>\n<p><strong>\u010cainfo\u00a0\u2013 <\/strong>Website maintenance\u00a0(WordPress) and\u00a0online marketing<\/p>\n<p><strong>Lazar Filipovi\u0107 \u2013 Triathlon\u00a0\u2013<\/strong> Website deisgn (WordPress)\u00a0and translation<\/p>\n<p><strong>Weltex\u00a0\u2013<\/strong> Website design (WordPress), organizing of photo shoots of models in Bavarian traditional clothing, images optimization for the web.<\/p>\n<p><strong>Djordjoni \u2013<\/strong> Website design (wordpress), online marketing, video clip shoot and video optimization and upload to youtube channel and website.<\/p>\n<p><strong>Apartmani Radosti\u00a0\u2013<\/strong> Website redesign (wordpress), online marketing, SEO<\/p>\n<hr \/>\n<p><strong>2012 <\/strong><\/p>\n<p><strong>Adriatica Brothers (Montenegro) \u2013<\/strong> Website design\u00a0(Photoshop \u2013 HTML\/CSS\/JS),\u00a0logo design, photo shoots, image optimization and website translation<\/p>\n<p><strong>Prohrom \u010ca\u010dak \u2013<\/strong> Website design\u00a0(Photoshop \u2013 HTML\/CSS\/JS), business card design, website translation, SEO<\/p>\n<p><strong>Dom U\u010denika Srednjih \u0160kola, \u010ca\u010dak \u2013<\/strong> Website design\u00a0(Photoshop \u2013 HTML\/CSS\/JS)<\/p>\n<p><strong>Sat-net \u2013\u00a0<\/strong>Website redesign\u00a0(WordPress)<\/p>\n<p><strong>Hotel Pana (Montenegro) \u2013<\/strong> Website design\u00a0(Photoshop \u2013 HTML\/CSS\/JS),\u00a0logo design, photo shoots and website translation<\/p>\n<p><strong>Radosti Zlatibora \u2013<\/strong> Website maintenance (WordPress)\u00a0and online marketing<\/p>\n<p><strong>Palma Haus (Montenegro) \u2013<\/strong> Website design\u00a0(Photoshop \u2013 HTML\/CSS\/JS),\u00a0logo design, photo shoots and website translation<\/p>\n<p><strong>Lithos \u2013<\/strong> Website redesign (Photoshop \u2013 HTML\/CSS\/JS)<\/p>\n<hr \/>\n<p><strong>2011 <\/strong><\/p>\n<p><strong>Teater Tomorrow (Sweden)<\/strong> \u2013 Website design\u00a0(Photoshop \u2013 HTML\/CSS\/JS) and Member Card design<\/p>\n<p><strong>Mip Marinovi\u0107<\/strong> \u2013 Website design\u00a0(Photoshop \u2013 HTML\/CSS\/JS), image optimization for the web, banner design<\/p>\n<p><strong>S-Standard<\/strong> \u2013 Website design\u00a0(Photoshop \u2013 HTML\/CSS\/JS),\u00a0logo design and website translation<\/p>\n<hr \/>\n<p><strong>2010<\/strong><\/p>\n<p><strong>PC ART\u00a0\u2013<\/strong> Website design\u00a0(Photoshop \u2013 HTML\/CSS\/JS)<\/p>\n<p><strong>Mama Zorina Zimnica \u2013<\/strong> Website design\u00a0(Photoshop \u2013 HTML\/CSS\/JS)\u00a0and logo design<\/p>\n<hr \/>\n<p><strong>2009<\/strong><\/p>\n<p><strong>Avax Design<\/strong> \u2013 Website design\u00a0(Photoshop \u2013 HTML\/CSS\/JS)\u00a0and logo design<\/p>\n<p><strong>Lithos<\/strong> \u2013 Website design\u00a0(Photoshop \u2013 HTML\/CSS\/JS)\u00a0and logo design<\/p>\n<p>[\/et_pb_text][\/et_pb_column][\/et_pb_row][\/et_pb_section]<\/p>\n","protected":false},"excerpt":{"rendered":"<p>Portfolio &nbsp; References 2016 Christine Blundell&#8217;s Makeup Academy (England) &#8211;\u00a0Website redesign, image and websites speed optimization, ux, seo, pdf catalogues creation, email marketing, custom pages (from pdf magazine to html\/css) Beat &#8211;\u00a0Website design (from pdf to wordpress), website load speed and image optimization, seo Oxford Acquisitions (England) &#8211;\u00a0Website load speed optimization and seo Stari Grad [&hellip;]<\/p>\n","protected":false},"author":1,"featured_media":0,"parent":0,"menu_order":0,"comment_status":"closed","ping_status":"closed","template":"","meta":{"_et_pb_use_builder":"on","_et_pb_old_content":"","_et_gb_content_width":"","footnotes":""},"class_list":["post-379","page","type-page","status-publish","hentry"],"yoast_head":"<!-- This site is optimized with the Yoast SEO plugin v27.1.1 - https:\/\/yoast.com\/product\/yoast-seo-wordpress\/ -->\n<title>Portfolio og referanser -<\/title>\n<meta name=\"robots\" content=\"index, follow, max-snippet:-1, max-image-preview:large, max-video-preview:-1\" \/>\n<link rel=\"canonical\" href=\"https:\/\/acocvetic.com\/portfolio-i-reference\" \/>\n<meta property=\"og:locale\" content=\"nb_NO\" \/>\n<meta property=\"og:type\" content=\"article\" \/>\n<meta property=\"og:title\" content=\"Portfolio og referanser -\" \/>\n<meta property=\"og:description\" content=\"Portfolio &nbsp; References 2016 Christine Blundell&#039;s Makeup Academy (England) -\u00a0Website redesign, image and websites speed optimization, ux, seo, pdf catalogues creation, email marketing, custom pages (from pdf magazine to html\/css) Beat -\u00a0Website design (from pdf to wordpress), website load speed and image optimization, seo Oxford Acquisitions (England) -\u00a0Website load speed optimization and seo Stari Grad [&hellip;]\" \/>\n<meta property=\"og:url\" content=\"https:\/\/acocvetic.com\/portfolio-i-reference\" \/>\n<meta property=\"article:modified_time\" content=\"2017-01-14T14:04:34+00:00\" \/>\n<meta name=\"twitter:card\" content=\"summary_large_image\" \/>\n<meta name=\"twitter:label1\" content=\"Ansl. lesetid\" \/>\n\t<meta name=\"twitter:data1\" content=\"4 minutter\" \/>\n<script type=\"application\/ld+json\" class=\"yoast-schema-graph\">{\"@context\":\"https:\/\/schema.org\",\"@graph\":[{\"@type\":\"WebPage\",\"@id\":\"https:\/\/acocvetic.com\/portfolio-i-reference\",\"url\":\"https:\/\/acocvetic.com\/portfolio-i-reference\",\"name\":\"Portfolio og referanser -\",\"isPartOf\":{\"@id\":\"https:\/\/acocvetic.com\/#website\"},\"datePublished\":\"2017-01-14T14:04:13+00:00\",\"dateModified\":\"2017-01-14T14:04:34+00:00\",\"breadcrumb\":{\"@id\":\"https:\/\/acocvetic.com\/portfolio-i-reference#breadcrumb\"},\"inLanguage\":\"nb-NO\",\"potentialAction\":[{\"@type\":\"ReadAction\",\"target\":[\"https:\/\/acocvetic.com\/portfolio-i-reference\"]}]},{\"@type\":\"BreadcrumbList\",\"@id\":\"https:\/\/acocvetic.com\/portfolio-i-reference#breadcrumb\",\"itemListElement\":[{\"@type\":\"ListItem\",\"position\":1,\"name\":\"Home\",\"item\":\"https:\/\/acocvetic.com\/\"},{\"@type\":\"ListItem\",\"position\":2,\"name\":\"Portfolio og referanser\"}]},{\"@type\":\"WebSite\",\"@id\":\"https:\/\/acocvetic.com\/#website\",\"url\":\"https:\/\/acocvetic.com\/\",\"name\":\"\",\"description\":\"\",\"potentialAction\":[{\"@type\":\"SearchAction\",\"target\":{\"@type\":\"EntryPoint\",\"urlTemplate\":\"https:\/\/acocvetic.com\/?s={search_term_string}\"},\"query-input\":{\"@type\":\"PropertyValueSpecification\",\"valueRequired\":true,\"valueName\":\"search_term_string\"}}],\"inLanguage\":\"nb-NO\"}]}<\/script>\n<!-- \/ Yoast SEO plugin. -->","yoast_head_json":{"title":"Portfolio og referanser -","robots":{"index":"index","follow":"follow","max-snippet":"max-snippet:-1","max-image-preview":"max-image-preview:large","max-video-preview":"max-video-preview:-1"},"canonical":"https:\/\/acocvetic.com\/portfolio-i-reference","og_locale":"nb_NO","og_type":"article","og_title":"Portfolio og referanser -","og_description":"Portfolio &nbsp; References 2016 Christine Blundell's Makeup Academy (England) -\u00a0Website redesign, image and websites speed optimization, ux, seo, pdf catalogues creation, email marketing, custom pages (from pdf magazine to html\/css) Beat -\u00a0Website design (from pdf to wordpress), website load speed and image optimization, seo Oxford Acquisitions (England) -\u00a0Website load speed optimization and seo Stari Grad [&hellip;]","og_url":"https:\/\/acocvetic.com\/portfolio-i-reference","article_modified_time":"2017-01-14T14:04:34+00:00","twitter_card":"summary_large_image","twitter_misc":{"Ansl. lesetid":"4 minutter"},"schema":{"@context":"https:\/\/schema.org","@graph":[{"@type":"WebPage","@id":"https:\/\/acocvetic.com\/portfolio-i-reference","url":"https:\/\/acocvetic.com\/portfolio-i-reference","name":"Portfolio og referanser -","isPartOf":{"@id":"https:\/\/acocvetic.com\/#website"},"datePublished":"2017-01-14T14:04:13+00:00","dateModified":"2017-01-14T14:04:34+00:00","breadcrumb":{"@id":"https:\/\/acocvetic.com\/portfolio-i-reference#breadcrumb"},"inLanguage":"nb-NO","potentialAction":[{"@type":"ReadAction","target":["https:\/\/acocvetic.com\/portfolio-i-reference"]}]},{"@type":"BreadcrumbList","@id":"https:\/\/acocvetic.com\/portfolio-i-reference#breadcrumb","itemListElement":[{"@type":"ListItem","position":1,"name":"Home","item":"https:\/\/acocvetic.com\/"},{"@type":"ListItem","position":2,"name":"Portfolio og referanser"}]},{"@type":"WebSite","@id":"https:\/\/acocvetic.com\/#website","url":"https:\/\/acocvetic.com\/","name":"","description":"","potentialAction":[{"@type":"SearchAction","target":{"@type":"EntryPoint","urlTemplate":"https:\/\/acocvetic.com\/?s={search_term_string}"},"query-input":{"@type":"PropertyValueSpecification","valueRequired":true,"valueName":"search_term_string"}}],"inLanguage":"nb-NO"}]}},"_links":{"self":[{"href":"https:\/\/acocvetic.com\/nb\/wp-json\/wp\/v2\/pages\/379","targetHints":{"allow":["GET"]}}],"collection":[{"href":"https:\/\/acocvetic.com\/nb\/wp-json\/wp\/v2\/pages"}],"about":[{"href":"https:\/\/acocvetic.com\/nb\/wp-json\/wp\/v2\/types\/page"}],"author":[{"embeddable":true,"href":"https:\/\/acocvetic.com\/nb\/wp-json\/wp\/v2\/users\/1"}],"replies":[{"embeddable":true,"href":"https:\/\/acocvetic.com\/nb\/wp-json\/wp\/v2\/comments?post=379"}],"version-history":[{"count":0,"href":"https:\/\/acocvetic.com\/nb\/wp-json\/wp\/v2\/pages\/379\/revisions"}],"wp:attachment":[{"href":"https:\/\/acocvetic.com\/nb\/wp-json\/wp\/v2\/media?parent=379"}],"curies":[{"name":"wp","href":"https:\/\/api.w.org\/{rel}","templated":true}]}}