{"id":377,"date":"2017-01-14T15:03:19","date_gmt":"2017-01-14T14:03:19","guid":{"rendered":"http:\/\/www.acocvetic.com\/?page_id=377"},"modified":"2017-01-14T15:03:19","modified_gmt":"2017-01-14T14:03:19","slug":"andre-tjenester","status":"publish","type":"page","link":"https:\/\/acocvetic.com\/nb\/andre-tjenester","title":{"rendered":"Andre tjenester"},"content":{"rendered":"<p>[et_pb_section admin_label=&raquo;section&raquo;][et_pb_row admin_label=&raquo;row&raquo;][et_pb_column type=&raquo;4_4&#8243;][et_pb_text admin_label=&raquo;Text&raquo; background_layout=&raquo;light&raquo; text_orientation=&raquo;left&raquo; use_border_color=&raquo;off&raquo; border_color=&raquo;#ffffff&raquo; border_style=&raquo;solid&raquo;]<\/p>\n<h3>Nettside vedlikehold<\/h3>\n<p>Du eier en nettside og har ikke en webmaster som opprettholder det? Dette kan f\u00f8re til problemer og p\u00e5virke din bedrift. Oppdatere nettstedet hjelper deg i arbeidet med sunn konkurranse. Nettsted vedlikehold er gjort etter avtale: sette inn innhold, bilder, tekster og andre dokumenter. Vi tilbyr daglig, ukentlig, m\u00e5nedlig og \u00e5rlig vedlikehold av nettstedet.<\/p>\n<h3>Oversette nettstedet<\/h3>\n<p>Oversettelse av ditt nettsted til et fremmedspr\u00e5k er en investering og ikke en utgift. Flerspr\u00e5klig nettsted vil dekke et st\u00f8rre marked og introduserer deg selv til potensielle partnere \/ kj\u00f8pere \/ kunder utenfor ditt eget land. I denne forbindelse tilbyr vi oversettelser fra og til f\u00f8lgende spr\u00e5k: engelsk, serbisk, russisk og norsk.<\/p>\n<h3 id=\"logo-design\">Andre<\/h3>\n<p>I tillegg til standard web design tjenester, tilbyr vi ogs\u00e5 logo design tjenester, leie et domene for nettstedet ditt (sidens adresse, for eksempel: web-design.com og web-dizajn.rs \u2026), noe som gir hosting-tjenester slik at du ikke trenger \u00e5 gj\u00f8re en sikkerhetskopi av ditt nettsted\u2026<\/p>\n<p>[\/et_pb_text][\/et_pb_column][\/et_pb_row][\/et_pb_section]<\/p>\n","protected":false},"excerpt":{"rendered":"<p>Nettside vedlikehold Du eier en nettside og har ikke en webmaster som opprettholder det? Dette kan f\u00f8re til problemer og p\u00e5virke din bedrift. Oppdatere nettstedet hjelper deg i arbeidet med sunn konkurranse. Nettsted vedlikehold er gjort etter avtale: sette inn innhold, bilder, tekster og andre dokumenter. Vi tilbyr daglig, ukentlig, m\u00e5nedlig og \u00e5rlig vedlikehold av [&hellip;]<\/p>\n","protected":false},"author":1,"featured_media":0,"parent":0,"menu_order":0,"comment_status":"closed","ping_status":"closed","template":"","meta":{"_et_pb_use_builder":"on","_et_pb_old_content":"","_et_gb_content_width":"","footnotes":""},"class_list":["post-377","page","type-page","status-publish","hentry"],"yoast_head":"<!-- This site is optimized with the Yoast SEO plugin v27.1.1 - https:\/\/yoast.com\/product\/yoast-seo-wordpress\/ -->\n<title>Andre tjenester -<\/title>\n<meta name=\"robots\" content=\"index, follow, max-snippet:-1, max-image-preview:large, max-video-preview:-1\" \/>\n<link rel=\"canonical\" href=\"https:\/\/acocvetic.com\/ostale-usluge\" \/>\n<meta property=\"og:locale\" content=\"nb_NO\" \/>\n<meta property=\"og:type\" content=\"article\" \/>\n<meta property=\"og:title\" content=\"Andre tjenester -\" \/>\n<meta property=\"og:description\" content=\"Nettside vedlikehold Du eier en nettside og har ikke en webmaster som opprettholder det? Dette kan f\u00f8re til problemer og p\u00e5virke din bedrift. Oppdatere nettstedet hjelper deg i arbeidet med sunn konkurranse. Nettsted vedlikehold er gjort etter avtale: sette inn innhold, bilder, tekster og andre dokumenter. Vi tilbyr daglig, ukentlig, m\u00e5nedlig og \u00e5rlig vedlikehold av [&hellip;]\" \/>\n<meta property=\"og:url\" content=\"https:\/\/acocvetic.com\/ostale-usluge\" \/>\n<meta name=\"twitter:card\" content=\"summary_large_image\" \/>\n<meta name=\"twitter:label1\" content=\"Ansl. lesetid\" \/>\n\t<meta name=\"twitter:data1\" content=\"1 minutt\" \/>\n<script type=\"application\/ld+json\" class=\"yoast-schema-graph\">{\"@context\":\"https:\/\/schema.org\",\"@graph\":[{\"@type\":\"WebPage\",\"@id\":\"https:\/\/acocvetic.com\/ostale-usluge\",\"url\":\"https:\/\/acocvetic.com\/ostale-usluge\",\"name\":\"Andre tjenester -\",\"isPartOf\":{\"@id\":\"https:\/\/acocvetic.com\/#website\"},\"datePublished\":\"2017-01-14T14:03:19+00:00\",\"breadcrumb\":{\"@id\":\"https:\/\/acocvetic.com\/ostale-usluge#breadcrumb\"},\"inLanguage\":\"nb-NO\",\"potentialAction\":[{\"@type\":\"ReadAction\",\"target\":[\"https:\/\/acocvetic.com\/ostale-usluge\"]}]},{\"@type\":\"BreadcrumbList\",\"@id\":\"https:\/\/acocvetic.com\/ostale-usluge#breadcrumb\",\"itemListElement\":[{\"@type\":\"ListItem\",\"position\":1,\"name\":\"Home\",\"item\":\"https:\/\/acocvetic.com\/\"},{\"@type\":\"ListItem\",\"position\":2,\"name\":\"Andre tjenester\"}]},{\"@type\":\"WebSite\",\"@id\":\"https:\/\/acocvetic.com\/#website\",\"url\":\"https:\/\/acocvetic.com\/\",\"name\":\"\",\"description\":\"\",\"potentialAction\":[{\"@type\":\"SearchAction\",\"target\":{\"@type\":\"EntryPoint\",\"urlTemplate\":\"https:\/\/acocvetic.com\/?s={search_term_string}\"},\"query-input\":{\"@type\":\"PropertyValueSpecification\",\"valueRequired\":true,\"valueName\":\"search_term_string\"}}],\"inLanguage\":\"nb-NO\"}]}<\/script>\n<!-- \/ Yoast SEO plugin. -->","yoast_head_json":{"title":"Andre tjenester -","robots":{"index":"index","follow":"follow","max-snippet":"max-snippet:-1","max-image-preview":"max-image-preview:large","max-video-preview":"max-video-preview:-1"},"canonical":"https:\/\/acocvetic.com\/ostale-usluge","og_locale":"nb_NO","og_type":"article","og_title":"Andre tjenester -","og_description":"Nettside vedlikehold Du eier en nettside og har ikke en webmaster som opprettholder det? Dette kan f\u00f8re til problemer og p\u00e5virke din bedrift. Oppdatere nettstedet hjelper deg i arbeidet med sunn konkurranse. Nettsted vedlikehold er gjort etter avtale: sette inn innhold, bilder, tekster og andre dokumenter. Vi tilbyr daglig, ukentlig, m\u00e5nedlig og \u00e5rlig vedlikehold av [&hellip;]","og_url":"https:\/\/acocvetic.com\/ostale-usluge","twitter_card":"summary_large_image","twitter_misc":{"Ansl. lesetid":"1 minutt"},"schema":{"@context":"https:\/\/schema.org","@graph":[{"@type":"WebPage","@id":"https:\/\/acocvetic.com\/ostale-usluge","url":"https:\/\/acocvetic.com\/ostale-usluge","name":"Andre tjenester -","isPartOf":{"@id":"https:\/\/acocvetic.com\/#website"},"datePublished":"2017-01-14T14:03:19+00:00","breadcrumb":{"@id":"https:\/\/acocvetic.com\/ostale-usluge#breadcrumb"},"inLanguage":"nb-NO","potentialAction":[{"@type":"ReadAction","target":["https:\/\/acocvetic.com\/ostale-usluge"]}]},{"@type":"BreadcrumbList","@id":"https:\/\/acocvetic.com\/ostale-usluge#breadcrumb","itemListElement":[{"@type":"ListItem","position":1,"name":"Home","item":"https:\/\/acocvetic.com\/"},{"@type":"ListItem","position":2,"name":"Andre tjenester"}]},{"@type":"WebSite","@id":"https:\/\/acocvetic.com\/#website","url":"https:\/\/acocvetic.com\/","name":"","description":"","potentialAction":[{"@type":"SearchAction","target":{"@type":"EntryPoint","urlTemplate":"https:\/\/acocvetic.com\/?s={search_term_string}"},"query-input":{"@type":"PropertyValueSpecification","valueRequired":true,"valueName":"search_term_string"}}],"inLanguage":"nb-NO"}]}},"_links":{"self":[{"href":"https:\/\/acocvetic.com\/nb\/wp-json\/wp\/v2\/pages\/377","targetHints":{"allow":["GET"]}}],"collection":[{"href":"https:\/\/acocvetic.com\/nb\/wp-json\/wp\/v2\/pages"}],"about":[{"href":"https:\/\/acocvetic.com\/nb\/wp-json\/wp\/v2\/types\/page"}],"author":[{"embeddable":true,"href":"https:\/\/acocvetic.com\/nb\/wp-json\/wp\/v2\/users\/1"}],"replies":[{"embeddable":true,"href":"https:\/\/acocvetic.com\/nb\/wp-json\/wp\/v2\/comments?post=377"}],"version-history":[{"count":0,"href":"https:\/\/acocvetic.com\/nb\/wp-json\/wp\/v2\/pages\/377\/revisions"}],"wp:attachment":[{"href":"https:\/\/acocvetic.com\/nb\/wp-json\/wp\/v2\/media?parent=377"}],"curies":[{"name":"wp","href":"https:\/\/api.w.org\/{rel}","templated":true}]}}