{"id":374,"date":"2017-01-14T15:01:00","date_gmt":"2017-01-14T14:01:00","guid":{"rendered":"http:\/\/www.acocvetic.com\/?page_id=374"},"modified":"2017-01-14T15:01:26","modified_gmt":"2017-01-14T14:01:26","slug":"redesign","status":"publish","type":"page","link":"https:\/\/acocvetic.com\/nb\/redesign","title":{"rendered":"Redesign"},"content":{"rendered":"<p>[et_pb_section admin_label=&raquo;section&raquo;][et_pb_row admin_label=&raquo;row&raquo;][et_pb_column type=&raquo;4_4&#8243;][et_pb_text admin_label=&raquo;Text&raquo; background_layout=&raquo;light&raquo; text_orientation=&raquo;left&raquo; use_border_color=&raquo;off&raquo; border_color=&raquo;#ffffff&raquo; border_style=&raquo;solid&raquo;]<\/p>\n<p>Hvis den gamle nettsiden synes foreldet og ikke reflekterer det sanne bildet av din avanserte business, \u00f8nsker du en ny web design som du \u00f8nsker skal tiltrekke seg oppmerksomheten til de bes\u00f8kende, basert p\u00e5 det gamle nettstedet vil vi bygge en ny, mer funksjonell og et mer effektivt nettsted.<\/p>\n<p>[\/et_pb_text][\/et_pb_column][\/et_pb_row][\/et_pb_section]<\/p>\n","protected":false},"excerpt":{"rendered":"<p>Hvis den gamle nettsiden synes foreldet og ikke reflekterer det sanne bildet av din avanserte business, \u00f8nsker du en ny web design som du \u00f8nsker skal tiltrekke seg oppmerksomheten til de bes\u00f8kende, basert p\u00e5 det gamle nettstedet vil vi bygge en ny, mer funksjonell og et mer effektivt nettsted.<\/p>\n","protected":false},"author":1,"featured_media":0,"parent":0,"menu_order":0,"comment_status":"closed","ping_status":"closed","template":"","meta":{"_et_pb_use_builder":"on","_et_pb_old_content":"","_et_gb_content_width":"","footnotes":""},"class_list":["post-374","page","type-page","status-publish","hentry"],"yoast_head":"<!-- This site is optimized with the Yoast SEO plugin v27.1.1 - https:\/\/yoast.com\/product\/yoast-seo-wordpress\/ -->\n<title>Redesign -<\/title>\n<meta name=\"robots\" content=\"index, follow, max-snippet:-1, max-image-preview:large, max-video-preview:-1\" \/>\n<link rel=\"canonical\" href=\"https:\/\/acocvetic.com\/redizajn-sajtova\" \/>\n<meta property=\"og:locale\" content=\"nb_NO\" \/>\n<meta property=\"og:type\" content=\"article\" \/>\n<meta property=\"og:title\" content=\"Redesign -\" \/>\n<meta property=\"og:description\" content=\"Hvis den gamle nettsiden synes foreldet og ikke reflekterer det sanne bildet av din avanserte business, \u00f8nsker du en ny web design som du \u00f8nsker skal tiltrekke seg oppmerksomheten til de bes\u00f8kende, basert p\u00e5 det gamle nettstedet vil vi bygge en ny, mer funksjonell og et mer effektivt nettsted.\" \/>\n<meta property=\"og:url\" content=\"https:\/\/acocvetic.com\/redizajn-sajtova\" \/>\n<meta property=\"article:modified_time\" content=\"2017-01-14T14:01:26+00:00\" \/>\n<meta name=\"twitter:card\" content=\"summary_large_image\" \/>\n<meta name=\"twitter:label1\" content=\"Ansl. lesetid\" \/>\n\t<meta name=\"twitter:data1\" content=\"1 minutt\" \/>\n<script type=\"application\/ld+json\" class=\"yoast-schema-graph\">{\"@context\":\"https:\/\/schema.org\",\"@graph\":[{\"@type\":\"WebPage\",\"@id\":\"https:\/\/acocvetic.com\/redizajn-sajtova\",\"url\":\"https:\/\/acocvetic.com\/redizajn-sajtova\",\"name\":\"Redesign -\",\"isPartOf\":{\"@id\":\"https:\/\/acocvetic.com\/#website\"},\"datePublished\":\"2017-01-14T14:01:00+00:00\",\"dateModified\":\"2017-01-14T14:01:26+00:00\",\"breadcrumb\":{\"@id\":\"https:\/\/acocvetic.com\/redizajn-sajtova#breadcrumb\"},\"inLanguage\":\"nb-NO\",\"potentialAction\":[{\"@type\":\"ReadAction\",\"target\":[\"https:\/\/acocvetic.com\/redizajn-sajtova\"]}]},{\"@type\":\"BreadcrumbList\",\"@id\":\"https:\/\/acocvetic.com\/redizajn-sajtova#breadcrumb\",\"itemListElement\":[{\"@type\":\"ListItem\",\"position\":1,\"name\":\"Home\",\"item\":\"https:\/\/acocvetic.com\/\"},{\"@type\":\"ListItem\",\"position\":2,\"name\":\"Redesign\"}]},{\"@type\":\"WebSite\",\"@id\":\"https:\/\/acocvetic.com\/#website\",\"url\":\"https:\/\/acocvetic.com\/\",\"name\":\"\",\"description\":\"\",\"potentialAction\":[{\"@type\":\"SearchAction\",\"target\":{\"@type\":\"EntryPoint\",\"urlTemplate\":\"https:\/\/acocvetic.com\/?s={search_term_string}\"},\"query-input\":{\"@type\":\"PropertyValueSpecification\",\"valueRequired\":true,\"valueName\":\"search_term_string\"}}],\"inLanguage\":\"nb-NO\"}]}<\/script>\n<!-- \/ Yoast SEO plugin. -->","yoast_head_json":{"title":"Redesign -","robots":{"index":"index","follow":"follow","max-snippet":"max-snippet:-1","max-image-preview":"max-image-preview:large","max-video-preview":"max-video-preview:-1"},"canonical":"https:\/\/acocvetic.com\/redizajn-sajtova","og_locale":"nb_NO","og_type":"article","og_title":"Redesign -","og_description":"Hvis den gamle nettsiden synes foreldet og ikke reflekterer det sanne bildet av din avanserte business, \u00f8nsker du en ny web design som du \u00f8nsker skal tiltrekke seg oppmerksomheten til de bes\u00f8kende, basert p\u00e5 det gamle nettstedet vil vi bygge en ny, mer funksjonell og et mer effektivt nettsted.","og_url":"https:\/\/acocvetic.com\/redizajn-sajtova","article_modified_time":"2017-01-14T14:01:26+00:00","twitter_card":"summary_large_image","twitter_misc":{"Ansl. lesetid":"1 minutt"},"schema":{"@context":"https:\/\/schema.org","@graph":[{"@type":"WebPage","@id":"https:\/\/acocvetic.com\/redizajn-sajtova","url":"https:\/\/acocvetic.com\/redizajn-sajtova","name":"Redesign -","isPartOf":{"@id":"https:\/\/acocvetic.com\/#website"},"datePublished":"2017-01-14T14:01:00+00:00","dateModified":"2017-01-14T14:01:26+00:00","breadcrumb":{"@id":"https:\/\/acocvetic.com\/redizajn-sajtova#breadcrumb"},"inLanguage":"nb-NO","potentialAction":[{"@type":"ReadAction","target":["https:\/\/acocvetic.com\/redizajn-sajtova"]}]},{"@type":"BreadcrumbList","@id":"https:\/\/acocvetic.com\/redizajn-sajtova#breadcrumb","itemListElement":[{"@type":"ListItem","position":1,"name":"Home","item":"https:\/\/acocvetic.com\/"},{"@type":"ListItem","position":2,"name":"Redesign"}]},{"@type":"WebSite","@id":"https:\/\/acocvetic.com\/#website","url":"https:\/\/acocvetic.com\/","name":"","description":"","potentialAction":[{"@type":"SearchAction","target":{"@type":"EntryPoint","urlTemplate":"https:\/\/acocvetic.com\/?s={search_term_string}"},"query-input":{"@type":"PropertyValueSpecification","valueRequired":true,"valueName":"search_term_string"}}],"inLanguage":"nb-NO"}]}},"_links":{"self":[{"href":"https:\/\/acocvetic.com\/nb\/wp-json\/wp\/v2\/pages\/374","targetHints":{"allow":["GET"]}}],"collection":[{"href":"https:\/\/acocvetic.com\/nb\/wp-json\/wp\/v2\/pages"}],"about":[{"href":"https:\/\/acocvetic.com\/nb\/wp-json\/wp\/v2\/types\/page"}],"author":[{"embeddable":true,"href":"https:\/\/acocvetic.com\/nb\/wp-json\/wp\/v2\/users\/1"}],"replies":[{"embeddable":true,"href":"https:\/\/acocvetic.com\/nb\/wp-json\/wp\/v2\/comments?post=374"}],"version-history":[{"count":0,"href":"https:\/\/acocvetic.com\/nb\/wp-json\/wp\/v2\/pages\/374\/revisions"}],"wp:attachment":[{"href":"https:\/\/acocvetic.com\/nb\/wp-json\/wp\/v2\/media?parent=374"}],"curies":[{"name":"wp","href":"https:\/\/api.w.org\/{rel}","templated":true}]}}