{"id":372,"date":"2017-01-14T14:59:53","date_gmt":"2017-01-14T13:59:53","guid":{"rendered":"http:\/\/www.acocvetic.com\/?page_id=372"},"modified":"2017-01-14T14:59:53","modified_gmt":"2017-01-14T13:59:53","slug":"sokemotoroptimalisering-seo","status":"publish","type":"page","link":"https:\/\/acocvetic.com\/nb\/sokemotoroptimalisering-seo","title":{"rendered":"S\u00f8kemotoroptimalisering (SEO)"},"content":{"rendered":"<p>[et_pb_section admin_label=&raquo;section&raquo;][et_pb_row admin_label=&raquo;row&raquo;][et_pb_column type=&raquo;4_4&#8243;][et_pb_text admin_label=&raquo;Text&raquo; background_layout=&raquo;light&raquo; text_orientation=&raquo;left&raquo; use_border_color=&raquo;off&raquo; border_color=&raquo;#ffffff&raquo; border_style=&raquo;solid&raquo;]<\/p>\n<p><img loading=\"lazy\" decoding=\"async\" class=\"alignleft size-thumbnail wp-image-73\" src=\"http:\/\/www.acocvetic.com\/wp-content\/uploads\/2017\/01\/seo-google-optimization-150x150.jpg\" alt=\"\" width=\"150\" height=\"150\" srcset=\"https:\/\/acocvetic.com\/wp-content\/uploads\/2017\/01\/seo-google-optimization-150x150.jpg 150w, https:\/\/acocvetic.com\/wp-content\/uploads\/2017\/01\/seo-google-optimization.jpg 300w\" sizes=\"(max-width: 150px) 100vw, 150px\" \/>SEO \u2013 s\u00f8kemotoroptimalisering kan du rangere i de \u00f8verste s\u00f8keresultatene for bestemte s\u00f8keord. Hvis selskapet selger sportsutstyr, er m\u00e5let for optimalisering \u00e5 rangere nettstedet ditt med de beste resultater for dette s\u00f8keordet (sportsutstyr), over de andre sidene som omhandler det samme eller lignende arbeid, noe som vil resultere i mer treff p\u00e5 ditt nettsted (bes\u00f8k), og dermed \u00f8kt salg av dine produkter p\u00e5 Internett.<\/p>\n<p>I denne forbindelse, i tillegg til standard webdesign tjenester, tilby jeg ogs\u00e5 s\u00f8kemotoroptimalisering, denne tjenesten resulterte i \u00f8kte bes\u00f8k og \u00f8kt salg av de optimaliserte nettsider, slik blir mine klienter veldig forn\u00f8yd. Jeg vil presentere resultatene av arbeidet mitt i noen av de framtidige innlegg. Derfor foresl\u00e5r jeg at under utviklingen av nettstedet ditt, b\u00f8r du vie din oppmerksomhet til denne delen av web-design, fordi i tillegg til utseende og funksjonalitet av omr\u00e5det, er SEO en av de essensielle og mest viktige tilskudd til din internett business og dine nettsteders rangeringen.<\/p>\n<p>[\/et_pb_text][\/et_pb_column][\/et_pb_row][\/et_pb_section]<\/p>\n","protected":false},"excerpt":{"rendered":"<p>SEO \u2013 s\u00f8kemotoroptimalisering kan du rangere i de \u00f8verste s\u00f8keresultatene for bestemte s\u00f8keord. Hvis selskapet selger sportsutstyr, er m\u00e5let for optimalisering \u00e5 rangere nettstedet ditt med de beste resultater for dette s\u00f8keordet (sportsutstyr), over de andre sidene som omhandler det samme eller lignende arbeid, noe som vil resultere i mer treff p\u00e5 ditt nettsted (bes\u00f8k), [&hellip;]<\/p>\n","protected":false},"author":1,"featured_media":0,"parent":0,"menu_order":0,"comment_status":"closed","ping_status":"closed","template":"","meta":{"_et_pb_use_builder":"on","_et_pb_old_content":"","_et_gb_content_width":"","footnotes":""},"class_list":["post-372","page","type-page","status-publish","hentry"],"yoast_head":"<!-- This site is optimized with the Yoast SEO plugin v27.1.1 - https:\/\/yoast.com\/product\/yoast-seo-wordpress\/ -->\n<title>S\u00f8kemotoroptimalisering (SEO) -<\/title>\n<meta name=\"robots\" content=\"index, follow, max-snippet:-1, max-image-preview:large, max-video-preview:-1\" \/>\n<link rel=\"canonical\" href=\"https:\/\/acocvetic.com\/google-optimizacija-seo\" \/>\n<meta property=\"og:locale\" content=\"nb_NO\" \/>\n<meta property=\"og:type\" content=\"article\" \/>\n<meta property=\"og:title\" content=\"S\u00f8kemotoroptimalisering (SEO) -\" \/>\n<meta property=\"og:description\" content=\"SEO \u2013 s\u00f8kemotoroptimalisering kan du rangere i de \u00f8verste s\u00f8keresultatene for bestemte s\u00f8keord. Hvis selskapet selger sportsutstyr, er m\u00e5let for optimalisering \u00e5 rangere nettstedet ditt med de beste resultater for dette s\u00f8keordet (sportsutstyr), over de andre sidene som omhandler det samme eller lignende arbeid, noe som vil resultere i mer treff p\u00e5 ditt nettsted (bes\u00f8k), [&hellip;]\" \/>\n<meta property=\"og:url\" content=\"https:\/\/acocvetic.com\/google-optimizacija-seo\" \/>\n<meta property=\"og:image\" content=\"http:\/\/www.acocvetic.com\/wp-content\/uploads\/2017\/01\/seo-google-optimization-150x150.jpg\" \/>\n<meta name=\"twitter:card\" content=\"summary_large_image\" \/>\n<meta name=\"twitter:label1\" content=\"Ansl. lesetid\" \/>\n\t<meta name=\"twitter:data1\" content=\"1 minutt\" \/>\n<script type=\"application\/ld+json\" class=\"yoast-schema-graph\">{\"@context\":\"https:\/\/schema.org\",\"@graph\":[{\"@type\":\"WebPage\",\"@id\":\"https:\/\/acocvetic.com\/google-optimizacija-seo\",\"url\":\"https:\/\/acocvetic.com\/google-optimizacija-seo\",\"name\":\"S\u00f8kemotoroptimalisering (SEO) -\",\"isPartOf\":{\"@id\":\"https:\/\/acocvetic.com\/#website\"},\"primaryImageOfPage\":{\"@id\":\"https:\/\/acocvetic.com\/google-optimizacija-seo#primaryimage\"},\"image\":{\"@id\":\"https:\/\/acocvetic.com\/google-optimizacija-seo#primaryimage\"},\"thumbnailUrl\":\"http:\/\/www.acocvetic.com\/wp-content\/uploads\/2017\/01\/seo-google-optimization-150x150.jpg\",\"datePublished\":\"2017-01-14T13:59:53+00:00\",\"breadcrumb\":{\"@id\":\"https:\/\/acocvetic.com\/google-optimizacija-seo#breadcrumb\"},\"inLanguage\":\"nb-NO\",\"potentialAction\":[{\"@type\":\"ReadAction\",\"target\":[\"https:\/\/acocvetic.com\/google-optimizacija-seo\"]}]},{\"@type\":\"ImageObject\",\"inLanguage\":\"nb-NO\",\"@id\":\"https:\/\/acocvetic.com\/google-optimizacija-seo#primaryimage\",\"url\":\"http:\/\/www.acocvetic.com\/wp-content\/uploads\/2017\/01\/seo-google-optimization-150x150.jpg\",\"contentUrl\":\"http:\/\/www.acocvetic.com\/wp-content\/uploads\/2017\/01\/seo-google-optimization-150x150.jpg\"},{\"@type\":\"BreadcrumbList\",\"@id\":\"https:\/\/acocvetic.com\/google-optimizacija-seo#breadcrumb\",\"itemListElement\":[{\"@type\":\"ListItem\",\"position\":1,\"name\":\"Home\",\"item\":\"https:\/\/acocvetic.com\/\"},{\"@type\":\"ListItem\",\"position\":2,\"name\":\"S\u00f8kemotoroptimalisering (SEO)\"}]},{\"@type\":\"WebSite\",\"@id\":\"https:\/\/acocvetic.com\/#website\",\"url\":\"https:\/\/acocvetic.com\/\",\"name\":\"\",\"description\":\"\",\"potentialAction\":[{\"@type\":\"SearchAction\",\"target\":{\"@type\":\"EntryPoint\",\"urlTemplate\":\"https:\/\/acocvetic.com\/?s={search_term_string}\"},\"query-input\":{\"@type\":\"PropertyValueSpecification\",\"valueRequired\":true,\"valueName\":\"search_term_string\"}}],\"inLanguage\":\"nb-NO\"}]}<\/script>\n<!-- \/ Yoast SEO plugin. -->","yoast_head_json":{"title":"S\u00f8kemotoroptimalisering (SEO) -","robots":{"index":"index","follow":"follow","max-snippet":"max-snippet:-1","max-image-preview":"max-image-preview:large","max-video-preview":"max-video-preview:-1"},"canonical":"https:\/\/acocvetic.com\/google-optimizacija-seo","og_locale":"nb_NO","og_type":"article","og_title":"S\u00f8kemotoroptimalisering (SEO) -","og_description":"SEO \u2013 s\u00f8kemotoroptimalisering kan du rangere i de \u00f8verste s\u00f8keresultatene for bestemte s\u00f8keord. Hvis selskapet selger sportsutstyr, er m\u00e5let for optimalisering \u00e5 rangere nettstedet ditt med de beste resultater for dette s\u00f8keordet (sportsutstyr), over de andre sidene som omhandler det samme eller lignende arbeid, noe som vil resultere i mer treff p\u00e5 ditt nettsted (bes\u00f8k), [&hellip;]","og_url":"https:\/\/acocvetic.com\/google-optimizacija-seo","og_image":[{"url":"http:\/\/www.acocvetic.com\/wp-content\/uploads\/2017\/01\/seo-google-optimization-150x150.jpg","type":"","width":"","height":""}],"twitter_card":"summary_large_image","twitter_misc":{"Ansl. lesetid":"1 minutt"},"schema":{"@context":"https:\/\/schema.org","@graph":[{"@type":"WebPage","@id":"https:\/\/acocvetic.com\/google-optimizacija-seo","url":"https:\/\/acocvetic.com\/google-optimizacija-seo","name":"S\u00f8kemotoroptimalisering (SEO) -","isPartOf":{"@id":"https:\/\/acocvetic.com\/#website"},"primaryImageOfPage":{"@id":"https:\/\/acocvetic.com\/google-optimizacija-seo#primaryimage"},"image":{"@id":"https:\/\/acocvetic.com\/google-optimizacija-seo#primaryimage"},"thumbnailUrl":"http:\/\/www.acocvetic.com\/wp-content\/uploads\/2017\/01\/seo-google-optimization-150x150.jpg","datePublished":"2017-01-14T13:59:53+00:00","breadcrumb":{"@id":"https:\/\/acocvetic.com\/google-optimizacija-seo#breadcrumb"},"inLanguage":"nb-NO","potentialAction":[{"@type":"ReadAction","target":["https:\/\/acocvetic.com\/google-optimizacija-seo"]}]},{"@type":"ImageObject","inLanguage":"nb-NO","@id":"https:\/\/acocvetic.com\/google-optimizacija-seo#primaryimage","url":"http:\/\/www.acocvetic.com\/wp-content\/uploads\/2017\/01\/seo-google-optimization-150x150.jpg","contentUrl":"http:\/\/www.acocvetic.com\/wp-content\/uploads\/2017\/01\/seo-google-optimization-150x150.jpg"},{"@type":"BreadcrumbList","@id":"https:\/\/acocvetic.com\/google-optimizacija-seo#breadcrumb","itemListElement":[{"@type":"ListItem","position":1,"name":"Home","item":"https:\/\/acocvetic.com\/"},{"@type":"ListItem","position":2,"name":"S\u00f8kemotoroptimalisering (SEO)"}]},{"@type":"WebSite","@id":"https:\/\/acocvetic.com\/#website","url":"https:\/\/acocvetic.com\/","name":"","description":"","potentialAction":[{"@type":"SearchAction","target":{"@type":"EntryPoint","urlTemplate":"https:\/\/acocvetic.com\/?s={search_term_string}"},"query-input":{"@type":"PropertyValueSpecification","valueRequired":true,"valueName":"search_term_string"}}],"inLanguage":"nb-NO"}]}},"_links":{"self":[{"href":"https:\/\/acocvetic.com\/nb\/wp-json\/wp\/v2\/pages\/372","targetHints":{"allow":["GET"]}}],"collection":[{"href":"https:\/\/acocvetic.com\/nb\/wp-json\/wp\/v2\/pages"}],"about":[{"href":"https:\/\/acocvetic.com\/nb\/wp-json\/wp\/v2\/types\/page"}],"author":[{"embeddable":true,"href":"https:\/\/acocvetic.com\/nb\/wp-json\/wp\/v2\/users\/1"}],"replies":[{"embeddable":true,"href":"https:\/\/acocvetic.com\/nb\/wp-json\/wp\/v2\/comments?post=372"}],"version-history":[{"count":0,"href":"https:\/\/acocvetic.com\/nb\/wp-json\/wp\/v2\/pages\/372\/revisions"}],"wp:attachment":[{"href":"https:\/\/acocvetic.com\/nb\/wp-json\/wp\/v2\/media?parent=372"}],"curies":[{"name":"wp","href":"https:\/\/api.w.org\/{rel}","templated":true}]}}