{"id":370,"date":"2017-01-14T14:58:29","date_gmt":"2017-01-14T13:58:29","guid":{"rendered":"http:\/\/www.acocvetic.com\/?page_id=370"},"modified":"2017-01-14T14:58:29","modified_gmt":"2017-01-14T13:58:29","slug":"webdesign","status":"publish","type":"page","link":"https:\/\/acocvetic.com\/nb\/webdesign","title":{"rendered":"Webdesign"},"content":{"rendered":"<p>[et_pb_section admin_label=&raquo;section&raquo;][et_pb_row admin_label=&raquo;row&raquo;][et_pb_column type=&raquo;4_4&#8243;][et_pb_text admin_label=&raquo;Text&raquo; background_layout=&raquo;light&raquo; text_orientation=&raquo;left&raquo; use_border_color=&raquo;off&raquo; border_color=&raquo;#ffffff&raquo; border_style=&raquo;solid&raquo;]<\/p>\n<h3>Statik (html \/ css \/ javascript \/ flash) website<\/h3>\n<p>Om du trenger en enkel webbside presentasjon med 5 til 10 sider, foresl\u00e5r vi en statistisk webbside.  Det er ideelt for sm\u00e5 og mellom-store bedrifter, med disse funksjonene: modem design, funksjonelt, enkelt og med h\u00f8g hastighet.<\/p>\n<h3>CMS website<\/h3>\n<p>For mer krevende websider, foresl\u00e5r vi en dynamisk PHP nettside. Disse nettstedene er hovedsakelig laget ved hjelp av CMS (Content Management System).  Jeg bruker vanligvis WordPress og Joomla. \u00c5 lage denne typen nettsted gj\u00f8r at kundene kan administrere siden p\u00e5 egen h\u00e5nd, utf\u00f8re endringer p\u00e5 nettstedet, oppdaterte artikler og sikkerhetskopiere innholdet p\u00e5 nettstedet\u2026.<\/p>\n<p>[\/et_pb_text][\/et_pb_column][\/et_pb_row][\/et_pb_section]<\/p>\n","protected":false},"excerpt":{"rendered":"<p>Statik (html \/ css \/ javascript \/ flash) website Om du trenger en enkel webbside presentasjon med 5 til 10 sider, foresl\u00e5r vi en statistisk webbside. Det er ideelt for sm\u00e5 og mellom-store bedrifter, med disse funksjonene: modem design, funksjonelt, enkelt og med h\u00f8g hastighet. CMS website For mer krevende websider, foresl\u00e5r vi en dynamisk [&hellip;]<\/p>\n","protected":false},"author":1,"featured_media":0,"parent":0,"menu_order":0,"comment_status":"closed","ping_status":"closed","template":"","meta":{"_et_pb_use_builder":"on","_et_pb_old_content":"","_et_gb_content_width":"","footnotes":""},"class_list":["post-370","page","type-page","status-publish","hentry"],"yoast_head":"<!-- This site is optimized with the Yoast SEO plugin v27.1.1 - https:\/\/yoast.com\/product\/yoast-seo-wordpress\/ -->\n<title>Webdesign -<\/title>\n<meta name=\"robots\" content=\"index, follow, max-snippet:-1, max-image-preview:large, max-video-preview:-1\" \/>\n<link rel=\"canonical\" href=\"https:\/\/acocvetic.com\/web-dizajn\" \/>\n<meta property=\"og:locale\" content=\"nb_NO\" \/>\n<meta property=\"og:type\" content=\"article\" \/>\n<meta property=\"og:title\" content=\"Webdesign -\" \/>\n<meta property=\"og:description\" content=\"Statik (html \/ css \/ javascript \/ flash) website Om du trenger en enkel webbside presentasjon med 5 til 10 sider, foresl\u00e5r vi en statistisk webbside. Det er ideelt for sm\u00e5 og mellom-store bedrifter, med disse funksjonene: modem design, funksjonelt, enkelt og med h\u00f8g hastighet. CMS website For mer krevende websider, foresl\u00e5r vi en dynamisk [&hellip;]\" \/>\n<meta property=\"og:url\" content=\"https:\/\/acocvetic.com\/web-dizajn\" \/>\n<meta name=\"twitter:card\" content=\"summary_large_image\" \/>\n<meta name=\"twitter:label1\" content=\"Ansl. lesetid\" \/>\n\t<meta name=\"twitter:data1\" content=\"1 minutt\" \/>\n<script type=\"application\/ld+json\" class=\"yoast-schema-graph\">{\"@context\":\"https:\/\/schema.org\",\"@graph\":[{\"@type\":\"WebPage\",\"@id\":\"https:\/\/acocvetic.com\/web-dizajn\",\"url\":\"https:\/\/acocvetic.com\/web-dizajn\",\"name\":\"Webdesign -\",\"isPartOf\":{\"@id\":\"https:\/\/acocvetic.com\/#website\"},\"datePublished\":\"2017-01-14T13:58:29+00:00\",\"breadcrumb\":{\"@id\":\"https:\/\/acocvetic.com\/web-dizajn#breadcrumb\"},\"inLanguage\":\"nb-NO\",\"potentialAction\":[{\"@type\":\"ReadAction\",\"target\":[\"https:\/\/acocvetic.com\/web-dizajn\"]}]},{\"@type\":\"BreadcrumbList\",\"@id\":\"https:\/\/acocvetic.com\/web-dizajn#breadcrumb\",\"itemListElement\":[{\"@type\":\"ListItem\",\"position\":1,\"name\":\"Home\",\"item\":\"https:\/\/acocvetic.com\/\"},{\"@type\":\"ListItem\",\"position\":2,\"name\":\"Webdesign\"}]},{\"@type\":\"WebSite\",\"@id\":\"https:\/\/acocvetic.com\/#website\",\"url\":\"https:\/\/acocvetic.com\/\",\"name\":\"\",\"description\":\"\",\"potentialAction\":[{\"@type\":\"SearchAction\",\"target\":{\"@type\":\"EntryPoint\",\"urlTemplate\":\"https:\/\/acocvetic.com\/?s={search_term_string}\"},\"query-input\":{\"@type\":\"PropertyValueSpecification\",\"valueRequired\":true,\"valueName\":\"search_term_string\"}}],\"inLanguage\":\"nb-NO\"}]}<\/script>\n<!-- \/ Yoast SEO plugin. -->","yoast_head_json":{"title":"Webdesign -","robots":{"index":"index","follow":"follow","max-snippet":"max-snippet:-1","max-image-preview":"max-image-preview:large","max-video-preview":"max-video-preview:-1"},"canonical":"https:\/\/acocvetic.com\/web-dizajn","og_locale":"nb_NO","og_type":"article","og_title":"Webdesign -","og_description":"Statik (html \/ css \/ javascript \/ flash) website Om du trenger en enkel webbside presentasjon med 5 til 10 sider, foresl\u00e5r vi en statistisk webbside. Det er ideelt for sm\u00e5 og mellom-store bedrifter, med disse funksjonene: modem design, funksjonelt, enkelt og med h\u00f8g hastighet. CMS website For mer krevende websider, foresl\u00e5r vi en dynamisk [&hellip;]","og_url":"https:\/\/acocvetic.com\/web-dizajn","twitter_card":"summary_large_image","twitter_misc":{"Ansl. lesetid":"1 minutt"},"schema":{"@context":"https:\/\/schema.org","@graph":[{"@type":"WebPage","@id":"https:\/\/acocvetic.com\/web-dizajn","url":"https:\/\/acocvetic.com\/web-dizajn","name":"Webdesign -","isPartOf":{"@id":"https:\/\/acocvetic.com\/#website"},"datePublished":"2017-01-14T13:58:29+00:00","breadcrumb":{"@id":"https:\/\/acocvetic.com\/web-dizajn#breadcrumb"},"inLanguage":"nb-NO","potentialAction":[{"@type":"ReadAction","target":["https:\/\/acocvetic.com\/web-dizajn"]}]},{"@type":"BreadcrumbList","@id":"https:\/\/acocvetic.com\/web-dizajn#breadcrumb","itemListElement":[{"@type":"ListItem","position":1,"name":"Home","item":"https:\/\/acocvetic.com\/"},{"@type":"ListItem","position":2,"name":"Webdesign"}]},{"@type":"WebSite","@id":"https:\/\/acocvetic.com\/#website","url":"https:\/\/acocvetic.com\/","name":"","description":"","potentialAction":[{"@type":"SearchAction","target":{"@type":"EntryPoint","urlTemplate":"https:\/\/acocvetic.com\/?s={search_term_string}"},"query-input":{"@type":"PropertyValueSpecification","valueRequired":true,"valueName":"search_term_string"}}],"inLanguage":"nb-NO"}]}},"_links":{"self":[{"href":"https:\/\/acocvetic.com\/nb\/wp-json\/wp\/v2\/pages\/370","targetHints":{"allow":["GET"]}}],"collection":[{"href":"https:\/\/acocvetic.com\/nb\/wp-json\/wp\/v2\/pages"}],"about":[{"href":"https:\/\/acocvetic.com\/nb\/wp-json\/wp\/v2\/types\/page"}],"author":[{"embeddable":true,"href":"https:\/\/acocvetic.com\/nb\/wp-json\/wp\/v2\/users\/1"}],"replies":[{"embeddable":true,"href":"https:\/\/acocvetic.com\/nb\/wp-json\/wp\/v2\/comments?post=370"}],"version-history":[{"count":0,"href":"https:\/\/acocvetic.com\/nb\/wp-json\/wp\/v2\/pages\/370\/revisions"}],"wp:attachment":[{"href":"https:\/\/acocvetic.com\/nb\/wp-json\/wp\/v2\/media?parent=370"}],"curies":[{"name":"wp","href":"https:\/\/api.w.org\/{rel}","templated":true}]}}