{"id":368,"date":"2017-01-14T14:56:54","date_gmt":"2017-01-14T13:56:54","guid":{"rendered":"http:\/\/www.acocvetic.com\/?page_id=368"},"modified":"2017-01-14T14:56:54","modified_gmt":"2017-01-14T13:56:54","slug":"tjenester","status":"publish","type":"page","link":"https:\/\/acocvetic.com\/nb\/tjenester","title":{"rendered":"Tjenester"},"content":{"rendered":"<p>[et_pb_section admin_label=&raquo;section&raquo;][et_pb_row admin_label=&raquo;row&raquo; make_fullwidth=&raquo;off&raquo; use_custom_width=&raquo;off&raquo; width_unit=&raquo;on&raquo; use_custom_gutter=&raquo;off&raquo; padding_mobile=&raquo;off&raquo; allow_player_pause=&raquo;off&raquo; parallax=&raquo;off&raquo; parallax_method=&raquo;off&raquo; make_equal=&raquo;off&raquo; column_padding_mobile=&raquo;on&raquo; parallax_1=&raquo;off&raquo; parallax_method_1=&raquo;off&raquo;][et_pb_column type=&raquo;4_4&#8243;][et_pb_text admin_label=&raquo;Text&raquo; background_layout=&raquo;light&raquo; text_orientation=&raquo;left&raquo; use_border_color=&raquo;off&raquo; border_color=&raquo;#ffffff&raquo; border_style=&raquo;solid&raquo;]<\/p>\n<p>Trenger du \u00e5 utvikle en ny nettside? Sjekk ut web design tjenester siden. Hvis du allerede har et nettsted som du synes ser &laquo;gammeldags&raquo;, eller treg, foresl\u00e5r jeg at du vurdere \u00e5 omstrukturere nettstedet! Du kan selv v\u00e6re &#038; nbsp; forn\u00f8yd med &#038; nbsp; eksisterende nettside, men det er et annet problem, ingen kan finne deg gjennom et google s\u00f8k! I dette tilfellet foresl\u00e5r jeg at du tenker p\u00e5 Google optimalisering (SEO), og forbedre s\u00f8keord posisjoner for begrepet relevant for din virksomhet!<\/p>\n<p>[\/et_pb_text][et_pb_image admin_label=&raquo;Image&raquo; src=&raquo;http:\/\/www.acocvetic.com\/wp-content\/uploads\/2017\/01\/web-dizajn-srbija-usluge.jpg&raquo; alt=&raquo;Web Dizajn, Beograd &#8211; Srbija&raquo; title_text=&raquo;Web Dizajn&raquo; show_in_lightbox=&raquo;off&raquo; url=&raquo;http:\/\/www.acocvetic.com\/web-dizajn&raquo; url_new_window=&raquo;off&raquo; use_overlay=&raquo;off&raquo; animation=&raquo;fade_in&raquo; sticky=&raquo;off&raquo; align=&raquo;center&raquo; force_fullwidth=&raquo;off&raquo; always_center_on_mobile=&raquo;on&raquo; use_border_color=&raquo;off&raquo; border_color=&raquo;#ffffff&raquo; border_style=&raquo;solid&raquo;]<\/p>\n<p>[\/et_pb_image][et_pb_image admin_label=&raquo;Image&raquo; src=&raquo;http:\/\/www.acocvetic.com\/wp-content\/uploads\/2017\/01\/optimizacija-sajtova-za-google-seo-srbija.jpg&raquo; alt=&raquo;Google Optimizacija, optimizacija za pretra\u017eiva\u010de &#8211; Beograd, Srbija&raquo; title_text=&raquo;Google Optimizacija &#8211; SEO&raquo; show_in_lightbox=&raquo;off&raquo; url=&raquo;http:\/\/www.acocvetic.com\/google-optimizacija-seo&raquo; url_new_window=&raquo;off&raquo; use_overlay=&raquo;off&raquo; animation=&raquo;fade_in&raquo; sticky=&raquo;off&raquo; align=&raquo;center&raquo; force_fullwidth=&raquo;off&raquo; always_center_on_mobile=&raquo;on&raquo; use_border_color=&raquo;off&raquo; border_color=&raquo;#ffffff&raquo; border_style=&raquo;solid&raquo;]<\/p>\n<p>[\/et_pb_image][et_pb_image admin_label=&raquo;Image&raquo; src=&raquo;http:\/\/www.acocvetic.com\/wp-content\/uploads\/2017\/01\/redizajn-sajtova-srbija.jpg&raquo; alt=&raquo;Redizajn internet sajtova, Beograd &#8211; Srbija&raquo; title_text=&raquo;Redizajn sajtova&raquo; show_in_lightbox=&raquo;off&raquo; url=&raquo;http:\/\/www.acocvetic.com\/redizajn-sajtova&raquo; url_new_window=&raquo;off&raquo; use_overlay=&raquo;off&raquo; animation=&raquo;fade_in&raquo; sticky=&raquo;off&raquo; align=&raquo;center&raquo; force_fullwidth=&raquo;off&raquo; always_center_on_mobile=&raquo;on&raquo; use_border_color=&raquo;off&raquo; border_color=&raquo;#ffffff&raquo; border_style=&raquo;solid&raquo;]<\/p>\n<p>[\/et_pb_image][\/et_pb_column][\/et_pb_row][\/et_pb_section]<\/p>\n","protected":false},"excerpt":{"rendered":"<p>Trenger du \u00e5 utvikle en ny nettside? Sjekk ut web design tjenester siden. Hvis du allerede har et nettsted som du synes ser &laquo;gammeldags&raquo;, eller treg, foresl\u00e5r jeg at du vurdere \u00e5 omstrukturere nettstedet! Du kan selv v\u00e6re &#038; nbsp; forn\u00f8yd med &#038; nbsp; eksisterende nettside, men det er et annet problem, ingen kan finne [&hellip;]<\/p>\n","protected":false},"author":1,"featured_media":0,"parent":0,"menu_order":0,"comment_status":"closed","ping_status":"closed","template":"","meta":{"_et_pb_use_builder":"on","_et_pb_old_content":"","_et_gb_content_width":"","footnotes":""},"class_list":["post-368","page","type-page","status-publish","hentry"],"yoast_head":"<!-- This site is optimized with the Yoast SEO plugin v27.1.1 - https:\/\/yoast.com\/product\/yoast-seo-wordpress\/ -->\n<title>Tjenester -<\/title>\n<meta name=\"robots\" content=\"index, follow, max-snippet:-1, max-image-preview:large, max-video-preview:-1\" \/>\n<link rel=\"canonical\" href=\"https:\/\/acocvetic.com\/usluge\" \/>\n<meta property=\"og:locale\" content=\"nb_NO\" \/>\n<meta property=\"og:type\" content=\"article\" \/>\n<meta property=\"og:title\" content=\"Tjenester -\" \/>\n<meta property=\"og:description\" content=\"Trenger du \u00e5 utvikle en ny nettside? Sjekk ut web design tjenester siden. Hvis du allerede har et nettsted som du synes ser &quot;gammeldags&quot;, eller treg, foresl\u00e5r jeg at du vurdere \u00e5 omstrukturere nettstedet! Du kan selv v\u00e6re &amp; nbsp; forn\u00f8yd med &amp; nbsp; eksisterende nettside, men det er et annet problem, ingen kan finne [&hellip;]\" \/>\n<meta property=\"og:url\" content=\"https:\/\/acocvetic.com\/usluge\" \/>\n<meta name=\"twitter:card\" content=\"summary_large_image\" \/>\n<meta name=\"twitter:label1\" content=\"Ansl. lesetid\" \/>\n\t<meta name=\"twitter:data1\" content=\"2 minutter\" \/>\n<script type=\"application\/ld+json\" class=\"yoast-schema-graph\">{\"@context\":\"https:\/\/schema.org\",\"@graph\":[{\"@type\":\"WebPage\",\"@id\":\"https:\/\/acocvetic.com\/usluge\",\"url\":\"https:\/\/acocvetic.com\/usluge\",\"name\":\"Tjenester -\",\"isPartOf\":{\"@id\":\"https:\/\/acocvetic.com\/#website\"},\"datePublished\":\"2017-01-14T13:56:54+00:00\",\"breadcrumb\":{\"@id\":\"https:\/\/acocvetic.com\/usluge#breadcrumb\"},\"inLanguage\":\"nb-NO\",\"potentialAction\":[{\"@type\":\"ReadAction\",\"target\":[\"https:\/\/acocvetic.com\/usluge\"]}]},{\"@type\":\"BreadcrumbList\",\"@id\":\"https:\/\/acocvetic.com\/usluge#breadcrumb\",\"itemListElement\":[{\"@type\":\"ListItem\",\"position\":1,\"name\":\"Home\",\"item\":\"https:\/\/acocvetic.com\/\"},{\"@type\":\"ListItem\",\"position\":2,\"name\":\"Tjenester\"}]},{\"@type\":\"WebSite\",\"@id\":\"https:\/\/acocvetic.com\/#website\",\"url\":\"https:\/\/acocvetic.com\/\",\"name\":\"\",\"description\":\"\",\"potentialAction\":[{\"@type\":\"SearchAction\",\"target\":{\"@type\":\"EntryPoint\",\"urlTemplate\":\"https:\/\/acocvetic.com\/?s={search_term_string}\"},\"query-input\":{\"@type\":\"PropertyValueSpecification\",\"valueRequired\":true,\"valueName\":\"search_term_string\"}}],\"inLanguage\":\"nb-NO\"}]}<\/script>\n<!-- \/ Yoast SEO plugin. -->","yoast_head_json":{"title":"Tjenester -","robots":{"index":"index","follow":"follow","max-snippet":"max-snippet:-1","max-image-preview":"max-image-preview:large","max-video-preview":"max-video-preview:-1"},"canonical":"https:\/\/acocvetic.com\/usluge","og_locale":"nb_NO","og_type":"article","og_title":"Tjenester -","og_description":"Trenger du \u00e5 utvikle en ny nettside? Sjekk ut web design tjenester siden. Hvis du allerede har et nettsted som du synes ser \"gammeldags\", eller treg, foresl\u00e5r jeg at du vurdere \u00e5 omstrukturere nettstedet! Du kan selv v\u00e6re & nbsp; forn\u00f8yd med & nbsp; eksisterende nettside, men det er et annet problem, ingen kan finne [&hellip;]","og_url":"https:\/\/acocvetic.com\/usluge","twitter_card":"summary_large_image","twitter_misc":{"Ansl. lesetid":"2 minutter"},"schema":{"@context":"https:\/\/schema.org","@graph":[{"@type":"WebPage","@id":"https:\/\/acocvetic.com\/usluge","url":"https:\/\/acocvetic.com\/usluge","name":"Tjenester -","isPartOf":{"@id":"https:\/\/acocvetic.com\/#website"},"datePublished":"2017-01-14T13:56:54+00:00","breadcrumb":{"@id":"https:\/\/acocvetic.com\/usluge#breadcrumb"},"inLanguage":"nb-NO","potentialAction":[{"@type":"ReadAction","target":["https:\/\/acocvetic.com\/usluge"]}]},{"@type":"BreadcrumbList","@id":"https:\/\/acocvetic.com\/usluge#breadcrumb","itemListElement":[{"@type":"ListItem","position":1,"name":"Home","item":"https:\/\/acocvetic.com\/"},{"@type":"ListItem","position":2,"name":"Tjenester"}]},{"@type":"WebSite","@id":"https:\/\/acocvetic.com\/#website","url":"https:\/\/acocvetic.com\/","name":"","description":"","potentialAction":[{"@type":"SearchAction","target":{"@type":"EntryPoint","urlTemplate":"https:\/\/acocvetic.com\/?s={search_term_string}"},"query-input":{"@type":"PropertyValueSpecification","valueRequired":true,"valueName":"search_term_string"}}],"inLanguage":"nb-NO"}]}},"_links":{"self":[{"href":"https:\/\/acocvetic.com\/nb\/wp-json\/wp\/v2\/pages\/368","targetHints":{"allow":["GET"]}}],"collection":[{"href":"https:\/\/acocvetic.com\/nb\/wp-json\/wp\/v2\/pages"}],"about":[{"href":"https:\/\/acocvetic.com\/nb\/wp-json\/wp\/v2\/types\/page"}],"author":[{"embeddable":true,"href":"https:\/\/acocvetic.com\/nb\/wp-json\/wp\/v2\/users\/1"}],"replies":[{"embeddable":true,"href":"https:\/\/acocvetic.com\/nb\/wp-json\/wp\/v2\/comments?post=368"}],"version-history":[{"count":0,"href":"https:\/\/acocvetic.com\/nb\/wp-json\/wp\/v2\/pages\/368\/revisions"}],"wp:attachment":[{"href":"https:\/\/acocvetic.com\/nb\/wp-json\/wp\/v2\/media?parent=368"}],"curies":[{"name":"wp","href":"https:\/\/api.w.org\/{rel}","templated":true}]}}