{"id":363,"date":"2017-01-14T14:51:40","date_gmt":"2017-01-14T13:51:40","guid":{"rendered":"http:\/\/www.acocvetic.com\/?page_id=363"},"modified":"2024-03-06T19:46:17","modified_gmt":"2024-03-06T18:46:17","slug":"hjem-2","status":"publish","type":"page","link":"https:\/\/acocvetic.com\/nb","title":{"rendered":"Hjem"},"content":{"rendered":"<p>[et_pb_section fb_built=&raquo;1&#8243; custom_padding_last_edited=&raquo;on|desktop&raquo; admin_label=&raquo;section&raquo; _builder_version=&raquo;4.16&#8243; custom_padding_tablet=&raquo;50px|0|50px|0&#8243; custom_padding_phone=&raquo;&raquo; transparent_background=&raquo;off&raquo; padding_mobile=&raquo;off&raquo; make_fullwidth=&raquo;off&raquo; use_custom_width=&raquo;off&raquo; width_unit=&raquo;off&raquo; custom_width_px=&raquo;1080px&raquo; custom_width_percent=&raquo;80%&raquo; global_colors_info=&raquo;{}&raquo;][et_pb_row padding_mobile=&raquo;off&raquo; column_padding_mobile=&raquo;on&raquo; admin_label=&raquo;Row&raquo; _builder_version=&raquo;4.16&#8243; background_size=&raquo;initial&raquo; background_position=&raquo;top_left&raquo; background_repeat=&raquo;repeat&raquo; make_fullwidth=&raquo;off&raquo; use_custom_width=&raquo;off&raquo; width_unit=&raquo;off&raquo; custom_width_px=&raquo;1080px&raquo; custom_width_percent=&raquo;80%&raquo; global_colors_info=&raquo;{}&raquo;][et_pb_column type=&raquo;4_4&#8243; _builder_version=&raquo;4.16&#8243; custom_padding=&raquo;|||&raquo; global_colors_info=&raquo;{}&raquo; custom_padding__hover=&raquo;|||&raquo;][et_pb_text admin_label=&raquo;Text&raquo; _builder_version=&raquo;4.16&#8243; background_size=&raquo;initial&raquo; background_position=&raquo;top_left&raquo; background_repeat=&raquo;repeat&raquo; text_orientation=&raquo;justified&raquo; use_border_color=&raquo;off&raquo; border_style=&raquo;solid&raquo; global_colors_info=&raquo;{}&raquo;]<\/p>\n<p style=\"text-align: center;\">Hei, jeg er en freelance webdesigner med mange \u00e5rs erfaring og et stort antall web design, online markedsf\u00f8ring, SEO og digitale skiltprosjektene. Mine klienter varierer fra sm\u00e5 familiebedrifter fra Beograd til store europeiske selskaper. Uavhengig av st\u00f8rrelsen p\u00e5 selskapet, eller niv\u00e5et av suksessen den har oppn\u00e5dd, er en ting som er felles for alle kunder tilfredshet med samarbeidet med webprosjekter som har betydelig forbedret sin virksomhet.<\/p>\n<p>[\/et_pb_text][\/et_pb_column][\/et_pb_row][\/et_pb_section][et_pb_section fb_built=&raquo;1&#8243; custom_padding_last_edited=&raquo;on|desktop&raquo; admin_label=&raquo;section&raquo; _builder_version=&raquo;4.16&#8243; background_color=&raquo;#3a4149&#8243; custom_padding_tablet=&raquo;50px|0|50px|0&#8243; custom_padding_phone=&raquo;&raquo; transparent_background=&raquo;off&raquo; padding_mobile=&raquo;off&raquo; make_fullwidth=&raquo;off&raquo; use_custom_width=&raquo;off&raquo; width_unit=&raquo;off&raquo; custom_width_px=&raquo;1080px&raquo; custom_width_percent=&raquo;80%&raquo; global_colors_info=&raquo;{}&raquo;][et_pb_row column_structure=&raquo;1_4,1_4,1_4,1_4&#8243; use_custom_gutter=&raquo;on&raquo; gutter_width=&raquo;2&#8243; padding_mobile=&raquo;off&raquo; make_equal=&raquo;on&raquo; column_padding_mobile=&raquo;on&raquo; admin_label=&raquo;row&raquo; _builder_version=&raquo;4.22.2&#8243; background_size=&raquo;initial&raquo; background_position=&raquo;top_left&raquo; background_repeat=&raquo;repeat&raquo; global_colors_info=&raquo;{}&raquo;][et_pb_column type=&raquo;1_4&#8243; _builder_version=&raquo;4.16&#8243; custom_padding=&raquo;|||&raquo; global_colors_info=&raquo;{}&raquo; custom_padding__hover=&raquo;|||&raquo;][et_pb_number_counter title=&raquo;Web design prosjekter&raquo; number=&raquo;250+&raquo; percent_sign=&raquo;off&raquo; _builder_version=&raquo;4.22.2&#8243; _module_preset=&raquo;default&raquo; title_level=&raquo;h2&#8243; background_layout=&raquo;dark&raquo; global_colors_info=&raquo;{}&raquo;][\/et_pb_number_counter][\/et_pb_column][et_pb_column type=&raquo;1_4&#8243; _builder_version=&raquo;4.16&#8243; custom_padding=&raquo;|||&raquo; global_colors_info=&raquo;{}&raquo; custom_padding__hover=&raquo;|||&raquo;][et_pb_number_counter title=&raquo;SEO prosjekter&raquo; number=&raquo;200+&raquo; percent_sign=&raquo;off&raquo; _builder_version=&raquo;4.22.2&#8243; _module_preset=&raquo;default&raquo; title_level=&raquo;h2&#8243; background_layout=&raquo;dark&raquo; global_colors_info=&raquo;{}&raquo;][\/et_pb_number_counter][\/et_pb_column][et_pb_column type=&raquo;1_4&#8243; _builder_version=&raquo;4.16&#8243; custom_padding=&raquo;|||&raquo; global_colors_info=&raquo;{}&raquo; custom_padding__hover=&raquo;|||&raquo;][et_pb_number_counter title=&raquo;Digital Signage prosjekter&raquo; number=&raquo;7&#8243; percent_sign=&raquo;off&raquo; _builder_version=&raquo;4.22.2&#8243; _module_preset=&raquo;default&raquo; title_level=&raquo;h2&#8243; background_layout=&raquo;dark&raquo; global_colors_info=&raquo;{}&raquo;][\/et_pb_number_counter][\/et_pb_column][et_pb_column type=&raquo;1_4&#8243; _builder_version=&raquo;4.16&#8243; custom_padding=&raquo;|||&raquo; global_colors_info=&raquo;{}&raquo; custom_padding__hover=&raquo;|||&raquo;][et_pb_number_counter title=&raquo;\u00c5rs erfaring&raquo; number=&raquo;16&#8243; percent_sign=&raquo;off&raquo; _builder_version=&raquo;4.22.2&#8243; _module_preset=&raquo;default&raquo; title_level=&raquo;h2&#8243; background_layout=&raquo;dark&raquo; global_colors_info=&raquo;{}&raquo;][\/et_pb_number_counter][\/et_pb_column][\/et_pb_row][\/et_pb_section][et_pb_section fb_built=&raquo;1&#8243; custom_padding_last_edited=&raquo;on|desktop&raquo; admin_label=&raquo;section&raquo; _builder_version=&raquo;4.16&#8243; custom_padding_tablet=&raquo;50px|0|50px|0&#8243; custom_padding_phone=&raquo;&raquo; transparent_background=&raquo;off&raquo; padding_mobile=&raquo;off&raquo; make_fullwidth=&raquo;off&raquo; use_custom_width=&raquo;off&raquo; width_unit=&raquo;off&raquo; custom_width_px=&raquo;1080px&raquo; custom_width_percent=&raquo;80%&raquo; global_colors_info=&raquo;{}&raquo;][et_pb_row padding_mobile=&raquo;off&raquo; column_padding_mobile=&raquo;on&raquo; admin_label=&raquo;Row&raquo; _builder_version=&raquo;4.16&#8243; background_size=&raquo;initial&raquo; background_position=&raquo;top_left&raquo; background_repeat=&raquo;repeat&raquo; make_fullwidth=&raquo;off&raquo; use_custom_width=&raquo;off&raquo; width_unit=&raquo;off&raquo; custom_width_px=&raquo;1080px&raquo; custom_width_percent=&raquo;80%&raquo; global_colors_info=&raquo;{}&raquo;][et_pb_column type=&raquo;4_4&#8243; _builder_version=&raquo;4.16&#8243; custom_padding=&raquo;|||&raquo; global_colors_info=&raquo;{}&raquo; custom_padding__hover=&raquo;|||&raquo;][et_pb_text admin_label=&raquo;Text&raquo; _builder_version=&raquo;4.16&#8243; text_text_color=&raquo;#008bdb&raquo; text_font_size=&raquo;20&#8243; text_letter_spacing=&raquo;1px&raquo; background_size=&raquo;initial&raquo; background_position=&raquo;top_left&raquo; background_repeat=&raquo;repeat&raquo; use_border_color=&raquo;off&raquo; border_style=&raquo;solid&raquo; global_colors_info=&raquo;{}&raquo;]<\/p>\n<p style=\"text-align: center;\">Portfolio and references<\/p>\n<p>[\/et_pb_text][et_pb_portfolio fullwidth=&raquo;off&raquo; include_categories=&raquo;2&#8243; show_categories=&raquo;off&raquo; show_pagination=&raquo;off&raquo; admin_label=&raquo;Portfolio&raquo; _builder_version=&raquo;4.16&#8243; background_size=&raquo;initial&raquo; background_position=&raquo;top_left&raquo; background_repeat=&raquo;repeat&raquo; custom_css_portfolio_title=&raquo;text-align:center;&raquo; use_border_color=&raquo;off&raquo; border_color=&raquo;#ffffff&raquo; border_width=&raquo;1px&raquo; border_style=&raquo;solid&raquo; saved_tabs=&raquo;all&raquo; global_colors_info=&raquo;{}&raquo;][\/et_pb_portfolio][\/et_pb_column][\/et_pb_row][et_pb_row padding_mobile=&raquo;off&raquo; column_padding_mobile=&raquo;on&raquo; admin_label=&raquo;row&raquo; _builder_version=&raquo;4.16&#8243; background_size=&raquo;initial&raquo; background_position=&raquo;top_left&raquo; background_repeat=&raquo;repeat&raquo; make_fullwidth=&raquo;off&raquo; use_custom_width=&raquo;off&raquo; width_unit=&raquo;off&raquo; custom_width_px=&raquo;1080px&raquo; custom_width_percent=&raquo;80%&raquo; global_colors_info=&raquo;{}&raquo;][et_pb_column type=&raquo;4_4&#8243; _builder_version=&raquo;4.16&#8243; custom_padding=&raquo;|||&raquo; global_colors_info=&raquo;{}&raquo; custom_padding__hover=&raquo;|||&raquo;][et_pb_divider color=&raquo;#eaeaea&raquo; divider_weight=&raquo;1px&raquo; disabled_on=&raquo;on|on|off&raquo; admin_label=&raquo;Divider&raquo; _builder_version=&raquo;4.16&#8243; height=&raquo;30px&raquo; hide_on_mobile=&raquo;on&raquo; global_colors_info=&raquo;{}&raquo;][\/et_pb_divider][\/et_pb_column][\/et_pb_row][et_pb_row column_structure=&raquo;1_3,1_3,1_3&#8243; padding_mobile=&raquo;off&raquo; column_padding_mobile=&raquo;on&raquo; admin_label=&raquo;row&raquo; _builder_version=&raquo;4.16&#8243; background_size=&raquo;initial&raquo; background_position=&raquo;top_left&raquo; background_repeat=&raquo;repeat&raquo; make_fullwidth=&raquo;off&raquo; use_custom_width=&raquo;off&raquo; width_unit=&raquo;off&raquo; custom_width_px=&raquo;1080px&raquo; custom_width_percent=&raquo;80%&raquo; global_colors_info=&raquo;{}&raquo;][et_pb_column type=&raquo;1_3&#8243; _builder_version=&raquo;4.16&#8243; custom_padding=&raquo;|||&raquo; global_colors_info=&raquo;{}&raquo; custom_padding__hover=&raquo;|||&raquo;][\/et_pb_column][et_pb_column type=&raquo;1_3&#8243; _builder_version=&raquo;4.16&#8243; custom_padding=&raquo;|||&raquo; global_colors_info=&raquo;{}&raquo; custom_padding__hover=&raquo;|||&raquo;][et_pb_text admin_label=&raquo;Text&raquo; _builder_version=&raquo;4.16&#8243; text_text_color=&raquo;#008bdb&raquo; text_font_size=&raquo;20&#8243; text_letter_spacing=&raquo;1px&raquo; background_size=&raquo;initial&raquo; background_position=&raquo;top_left&raquo; background_repeat=&raquo;repeat&raquo; use_border_color=&raquo;off&raquo; border_style=&raquo;solid&raquo; global_colors_info=&raquo;{}&raquo;]<\/p>\n<p style=\"text-align: center;\">Client testimonials<\/p>\n<p>[\/et_pb_text][\/et_pb_column][et_pb_column type=&raquo;1_3&#8243; _builder_version=&raquo;4.16&#8243; custom_padding=&raquo;|||&raquo; global_colors_info=&raquo;{}&raquo; custom_padding__hover=&raquo;|||&raquo;][\/et_pb_column][\/et_pb_row][et_pb_row column_structure=&raquo;1_2,1_2&#8243; padding_mobile=&raquo;off&raquo; column_padding_mobile=&raquo;on&raquo; _builder_version=&raquo;4.16&#8243; background_size=&raquo;initial&raquo; background_position=&raquo;top_left&raquo; background_repeat=&raquo;repeat&raquo; make_fullwidth=&raquo;off&raquo; use_custom_width=&raquo;off&raquo; width_unit=&raquo;off&raquo; custom_width_px=&raquo;1080px&raquo; custom_width_percent=&raquo;80%&raquo; global_colors_info=&raquo;{}&raquo;][et_pb_column type=&raquo;1_2&#8243; _builder_version=&raquo;4.16&#8243; custom_padding=&raquo;|||&raquo; global_colors_info=&raquo;{}&raquo; custom_padding__hover=&raquo;|||&raquo;][et_pb_testimonial author=&raquo;Lorem IpsumPeter Agbaba, Director of CBMA (London)&raquo; admin_label=&raquo;Testimonial&raquo; _builder_version=&raquo;4.16&#8243; background_size=&raquo;initial&raquo; background_position=&raquo;top_left&raquo; background_repeat=&raquo;repeat&raquo; text_orientation=&raquo;center&raquo; use_border_color=&raquo;off&raquo; border_style=&raquo;solid&raquo; global_colors_info=&raquo;{}&raquo;]<\/p>\n<p style=\"text-align: center;\">We have been working with Aleksander now for just over a year and we have to say we are very impressed. Not only has our ranking improved but the general well being of the website is always in the forefront of Aleksander\u2019s mind. It is not just a matter of working on the SEO that he does but all the other elements that are involved, that he spends time on.<br \/>\nWe are very happy to recommend him.<\/p>\n<p>[\/et_pb_testimonial][\/et_pb_column][et_pb_column type=&raquo;1_2&#8243; _builder_version=&raquo;4.16&#8243; custom_padding=&raquo;|||&raquo; global_colors_info=&raquo;{}&raquo; custom_padding__hover=&raquo;|||&raquo;][et_pb_testimonial author=&raquo;M J Akhtar, Oxford Apartment (London)&raquo; admin_label=&raquo;Testimonial&raquo; _builder_version=&raquo;4.16&#8243; background_size=&raquo;initial&raquo; background_position=&raquo;top_left&raquo; background_repeat=&raquo;repeat&raquo; text_orientation=&raquo;center&raquo; use_border_color=&raquo;off&raquo; border_style=&raquo;solid&raquo; global_colors_info=&raquo;{}&raquo;]<\/p>\n<p style=\"text-align: center;\">We have been working with Aleks for some time and we have always found him co-operative and very supportive in developing our website, he has an enormous amount of experience and expertise and has consistently done the job in good time. We would highly recommend him!<\/p>\n<p>[\/et_pb_testimonial][\/et_pb_column][\/et_pb_row][et_pb_row padding_mobile=&raquo;off&raquo; column_padding_mobile=&raquo;on&raquo; _builder_version=&raquo;4.16&#8243; background_size=&raquo;initial&raquo; background_position=&raquo;top_left&raquo; background_repeat=&raquo;repeat&raquo; make_fullwidth=&raquo;off&raquo; use_custom_width=&raquo;off&raquo; width_unit=&raquo;off&raquo; custom_width_px=&raquo;1080px&raquo; custom_width_percent=&raquo;80%&raquo; global_colors_info=&raquo;{}&raquo;][et_pb_column type=&raquo;4_4&#8243; _builder_version=&raquo;4.16&#8243; custom_padding=&raquo;|||&raquo; global_colors_info=&raquo;{}&raquo; custom_padding__hover=&raquo;|||&raquo;][et_pb_testimonial author=&raquo;Nilufar Tursunova, Rute Immigration (Toronto)&raquo; admin_label=&raquo;Testimonial&raquo; _builder_version=&raquo;4.16&#8243; background_size=&raquo;initial&raquo; background_position=&raquo;top_left&raquo; background_repeat=&raquo;repeat&raquo; text_orientation=&raquo;center&raquo; use_border_color=&raquo;off&raquo; global_colors_info=&raquo;{}&raquo;]<\/p>\n<p>\nIt was a great pleasure to work on my company\u2019s website with such a dedicated and hard working person like Aleksandar. He figured out all the aspects of the website I wanted from our first conversation and delivered exactly what I needed in a short period of time. I highly recommend him as a professional and a very responsible person who consistently strives to perform high quality work.<\/p>\n<p>[\/et_pb_testimonial][\/et_pb_column][\/et_pb_row][\/et_pb_section]<\/p>\n","protected":false},"excerpt":{"rendered":"<p>Hei, jeg er en freelance webdesigner med mange \u00e5rs erfaring og et stort antall web design, online markedsf\u00f8ring, SEO og digitale skiltprosjektene. Mine klienter varierer fra sm\u00e5 familiebedrifter fra Beograd til store europeiske selskaper. Uavhengig av st\u00f8rrelsen p\u00e5 selskapet, eller niv\u00e5et av suksessen den har oppn\u00e5dd, er en ting som er felles for alle kunder [&hellip;]<\/p>\n","protected":false},"author":1,"featured_media":0,"parent":0,"menu_order":0,"comment_status":"closed","ping_status":"open","template":"","meta":{"_et_pb_use_builder":"on","_et_pb_old_content":"\u041e\u0432\u043e \u0458\u0435 \u043f\u0440\u0438\u043c\u0435\u0440 \u0441\u0442\u0440\u0430\u043d\u0435. \u0414\u0440\u0443\u0433\u0430\u0447\u0438\u0458\u0430 \u0458\u0435 \u043e\u0434 \u0447\u043b\u0430\u043d\u043a\u0430 \u0431\u043b\u043e\u0433\u0430 \u0437\u0430\u0442\u043e \u0448\u0442\u043e \u045b\u0435 \u0441\u0442\u0430\u0458\u0430\u0442\u0438 \u043d\u0430 \u0458\u0435\u0434\u043d\u043e\u043c \u043c\u0435\u0441\u0442\u0443 \u0438 \u043f\u043e\u0458\u0430\u0432\u0459\u0438\u0432\u0430\u045b\u0435 \u0441\u0435 \u0443 \u043a\u0440\u0435\u0442\u0430\u045a\u0443 \u0432\u0430\u0448\u0435\u0433 \u0432\u0435\u0431 \u043c\u0435\u0441\u0442\u0430 (\u0443 \u0432\u0435\u045b\u0438\u043d\u0438 \u0442\u0435\u043c\u0430). \u0412\u0435\u045b\u0438\u043d\u0430 \u0459\u0443\u0434\u0438 \u043f\u043e\u0447\u0438\u045a\u0435 \u0441\u0430 \u0441\u0442\u0440\u0430\u043d\u043e\u043c \u041e \u043a\u043e\u0458\u0430 \u0438\u0445 \u0443\u043f\u043e\u0437\u043d\u0430\u0458\u0435 \u0441\u0430 \u043c\u043e\u0433\u0443\u045b\u0438\u043c \u043f\u043e\u0441\u0435\u0442\u0438\u043e\u0446\u0438\u043c\u0430 \u0432\u0435\u0431 \u043c\u0435\u0441\u0442\u0430. \u041c\u043e\u0436\u0435 \u0434\u0430 \u043a\u0430\u0436\u0435 \u043d\u0435\u0448\u0442\u043e \u043a\u0430\u043e \u043e\u0432\u043e:\r\n<blockquote>\u0417\u0434\u0440\u0430\u0432\u043e! \u0408\u0430 \u0441\u0430\u043c \u043f\u043e\u0448\u0442\u0430\u0440 \u043f\u0440\u0435\u043a\u043e \u0434\u0430\u043d\u0430, \u0441\u043b\u0430\u0432\u043e\u0459\u0443\u0431\u0438\u0432 \u0433\u043b\u0443\u043c\u0430\u0446 \u043f\u0440\u0435\u043a\u043e \u043d\u043e\u045b\u0438 \u0438 \u043e\u0432\u043e \u0458\u0435 \u043c\u043e\u0458\u0435 \u0432\u0435\u0431 \u043c\u0435\u0441\u0442\u043e. \u0416\u0438\u0432\u0438\u043c \u0443 \u041d\u0438\u0448\u0443, \u0438\u043c\u0430\u043c \u0441\u0458\u0430\u0458\u043d\u043e\u0433 \u043f\u0441\u0430 \u0421\u0438\u043c\u0443 \u0438 \u0432\u043e\u043b\u0438\u043c \u0434\u0430 \u043f\u0438\u0458\u0435\u043c \u0431\u0430\u043c\u0431\u0443\u0441.<\/blockquote>\r\n...\u0438\u043b\u0438 \u043d\u0435\u0448\u0442\u043e \u043a\u0430\u043e:\r\n<blockquote>\u041f\u0440\u0435\u0434\u0443\u0437\u0435\u045b\u0435 \u040b\u0416\u0409 \u0458\u0435 \u043e\u0441\u043d\u043e\u0432\u0430\u043d\u043e 1991. \u0438 \u043e\u0442\u0430\u0434\u0430 \u043f\u0440\u0430\u0432\u0438 \u043a\u0432\u0430\u043b\u0438\u0442\u0435\u0442\u043d\u0435 \u0448\u043a\u0459\u043e\u0446\u0430\u043b\u0438\u0446\u0435. \u0421\u0430 \u0441\u0435\u0434\u0438\u0448\u0442\u0435\u043c \u0443 \u041f\u0430\u043b\u0430\u043d\u0446\u0438, \u040b\u0416\u0409 \u0437\u0430\u043f\u043e\u0448\u0459\u0430\u0432\u0430 \u043f\u0440\u0435\u043a\u043e 200 \u0440\u0430\u0434\u043d\u0438\u043a\u0430 \u0438 \u0440\u0430\u0434\u0438 \u043c\u043d\u043e\u0433\u0435 \u043e\u0434\u043b\u0438\u0447\u043d\u0435 \u0441\u0442\u0432\u0430\u0440\u0438 \u0437\u0430 \u043f\u0430\u043b\u0430\u043d\u0430\u0447\u043a\u0443 \u0437\u0430\u0458\u0435\u0434\u043d\u0438\u0446\u0443.<\/blockquote>\r\n\u041a\u0430\u043e \u043d\u043e\u0432\u0438 \u043a\u043e\u0440\u0438\u0441\u043d\u0438\u043a \u0412\u043e\u0440\u0434\u043f\u0440\u0435\u0441\u0430, \u0442\u0440\u0435\u0431\u0430\u043b\u043e \u0431\u0438 \u0434\u0430 \u0438\u0434\u0435\u0442\u0435 \u043d\u0430 <a href=\"http:\/\/www.acocvetic.com\/wp-admin\/\">\u0441\u0432\u043e\u0458\u0443 \u043a\u043e\u043d\u0442\u0440\u043e\u043b\u043d\u0443 \u0442\u0430\u0431\u043b\u0443<\/a> \u0434\u0430 \u0431\u0438\u0441\u0442\u0435 \u043e\u0431\u0440\u0438\u0441\u0430\u043b\u0438 \u043e\u0432\u0443 \u0441\u0442\u0440\u0430\u043d\u0443 \u0438 \u043d\u0430\u043f\u0440\u0430\u0432\u0438\u043b\u0438 \u043d\u043e\u0432\u0435 \u0441\u0442\u0440\u0430\u043d\u0435 \u0441\u0430 \u0441\u0432\u043e\u0458\u0438\u043c \u0441\u0430\u0434\u0440\u0436\u0430\u0458\u0435\u043c. \u0417\u0430\u0431\u0430\u0432\u0438\u0442\u0435 \u0441\u0435!","_et_gb_content_width":"","footnotes":""},"class_list":["post-363","page","type-page","status-publish","hentry"],"yoast_head":"<!-- This site is optimized with the Yoast SEO plugin v27.1.1 - https:\/\/yoast.com\/product\/yoast-seo-wordpress\/ -->\n<title>Hjem -<\/title>\n<meta name=\"robots\" content=\"index, follow, max-snippet:-1, max-image-preview:large, max-video-preview:-1\" \/>\n<link rel=\"canonical\" href=\"https:\/\/acocvetic.com\/\" \/>\n<meta property=\"og:locale\" content=\"nb_NO\" \/>\n<meta property=\"og:type\" content=\"article\" \/>\n<meta property=\"og:title\" content=\"Hjem -\" \/>\n<meta property=\"og:description\" content=\"Hei, jeg er en freelance webdesigner med mange \u00e5rs erfaring og et stort antall web design, online markedsf\u00f8ring, SEO og digitale skiltprosjektene. Mine klienter varierer fra sm\u00e5 familiebedrifter fra Beograd til store europeiske selskaper. Uavhengig av st\u00f8rrelsen p\u00e5 selskapet, eller niv\u00e5et av suksessen den har oppn\u00e5dd, er en ting som er felles for alle kunder [&hellip;]\" \/>\n<meta property=\"og:url\" content=\"https:\/\/acocvetic.com\/\" \/>\n<meta property=\"article:modified_time\" content=\"2024-03-06T18:46:17+00:00\" \/>\n<meta name=\"twitter:card\" content=\"summary_large_image\" \/>\n<meta name=\"twitter:label1\" content=\"Ansl. lesetid\" \/>\n\t<meta name=\"twitter:data1\" content=\"7 minutter\" \/>\n<script type=\"application\/ld+json\" class=\"yoast-schema-graph\">{\"@context\":\"https:\/\/schema.org\",\"@graph\":[{\"@type\":\"WebPage\",\"@id\":\"https:\/\/acocvetic.com\/\",\"url\":\"https:\/\/acocvetic.com\/\",\"name\":\"Hjem -\",\"isPartOf\":{\"@id\":\"https:\/\/acocvetic.com\/#website\"},\"datePublished\":\"2017-01-14T13:51:40+00:00\",\"dateModified\":\"2024-03-06T18:46:17+00:00\",\"breadcrumb\":{\"@id\":\"https:\/\/acocvetic.com\/#breadcrumb\"},\"inLanguage\":\"nb-NO\",\"potentialAction\":[{\"@type\":\"ReadAction\",\"target\":[\"https:\/\/acocvetic.com\/\"]}]},{\"@type\":\"BreadcrumbList\",\"@id\":\"https:\/\/acocvetic.com\/#breadcrumb\",\"itemListElement\":[{\"@type\":\"ListItem\",\"position\":1,\"name\":\"Home\",\"item\":\"https:\/\/acocvetic.com\/\"},{\"@type\":\"ListItem\",\"position\":2,\"name\":\"Hjem\"}]},{\"@type\":\"WebSite\",\"@id\":\"https:\/\/acocvetic.com\/#website\",\"url\":\"https:\/\/acocvetic.com\/\",\"name\":\"\",\"description\":\"\",\"potentialAction\":[{\"@type\":\"SearchAction\",\"target\":{\"@type\":\"EntryPoint\",\"urlTemplate\":\"https:\/\/acocvetic.com\/?s={search_term_string}\"},\"query-input\":{\"@type\":\"PropertyValueSpecification\",\"valueRequired\":true,\"valueName\":\"search_term_string\"}}],\"inLanguage\":\"nb-NO\"}]}<\/script>\n<!-- \/ Yoast SEO plugin. -->","yoast_head_json":{"title":"Hjem -","robots":{"index":"index","follow":"follow","max-snippet":"max-snippet:-1","max-image-preview":"max-image-preview:large","max-video-preview":"max-video-preview:-1"},"canonical":"https:\/\/acocvetic.com\/","og_locale":"nb_NO","og_type":"article","og_title":"Hjem -","og_description":"Hei, jeg er en freelance webdesigner med mange \u00e5rs erfaring og et stort antall web design, online markedsf\u00f8ring, SEO og digitale skiltprosjektene. Mine klienter varierer fra sm\u00e5 familiebedrifter fra Beograd til store europeiske selskaper. Uavhengig av st\u00f8rrelsen p\u00e5 selskapet, eller niv\u00e5et av suksessen den har oppn\u00e5dd, er en ting som er felles for alle kunder [&hellip;]","og_url":"https:\/\/acocvetic.com\/","article_modified_time":"2024-03-06T18:46:17+00:00","twitter_card":"summary_large_image","twitter_misc":{"Ansl. lesetid":"7 minutter"},"schema":{"@context":"https:\/\/schema.org","@graph":[{"@type":"WebPage","@id":"https:\/\/acocvetic.com\/","url":"https:\/\/acocvetic.com\/","name":"Hjem -","isPartOf":{"@id":"https:\/\/acocvetic.com\/#website"},"datePublished":"2017-01-14T13:51:40+00:00","dateModified":"2024-03-06T18:46:17+00:00","breadcrumb":{"@id":"https:\/\/acocvetic.com\/#breadcrumb"},"inLanguage":"nb-NO","potentialAction":[{"@type":"ReadAction","target":["https:\/\/acocvetic.com\/"]}]},{"@type":"BreadcrumbList","@id":"https:\/\/acocvetic.com\/#breadcrumb","itemListElement":[{"@type":"ListItem","position":1,"name":"Home","item":"https:\/\/acocvetic.com\/"},{"@type":"ListItem","position":2,"name":"Hjem"}]},{"@type":"WebSite","@id":"https:\/\/acocvetic.com\/#website","url":"https:\/\/acocvetic.com\/","name":"","description":"","potentialAction":[{"@type":"SearchAction","target":{"@type":"EntryPoint","urlTemplate":"https:\/\/acocvetic.com\/?s={search_term_string}"},"query-input":{"@type":"PropertyValueSpecification","valueRequired":true,"valueName":"search_term_string"}}],"inLanguage":"nb-NO"}]}},"_links":{"self":[{"href":"https:\/\/acocvetic.com\/nb\/wp-json\/wp\/v2\/pages\/363","targetHints":{"allow":["GET"]}}],"collection":[{"href":"https:\/\/acocvetic.com\/nb\/wp-json\/wp\/v2\/pages"}],"about":[{"href":"https:\/\/acocvetic.com\/nb\/wp-json\/wp\/v2\/types\/page"}],"author":[{"embeddable":true,"href":"https:\/\/acocvetic.com\/nb\/wp-json\/wp\/v2\/users\/1"}],"replies":[{"embeddable":true,"href":"https:\/\/acocvetic.com\/nb\/wp-json\/wp\/v2\/comments?post=363"}],"version-history":[{"count":3,"href":"https:\/\/acocvetic.com\/nb\/wp-json\/wp\/v2\/pages\/363\/revisions"}],"predecessor-version":[{"id":2126,"href":"https:\/\/acocvetic.com\/nb\/wp-json\/wp\/v2\/pages\/363\/revisions\/2126"}],"wp:attachment":[{"href":"https:\/\/acocvetic.com\/nb\/wp-json\/wp\/v2\/media?parent=363"}],"curies":[{"name":"wp","href":"https:\/\/api.w.org\/{rel}","templated":true}]}}