{"id":275,"date":"2017-01-07T21:13:21","date_gmt":"2017-01-07T20:13:21","guid":{"rendered":"http:\/\/www.acocvetic.com\/?page_id=275"},"modified":"2024-01-04T19:22:33","modified_gmt":"2024-01-04T18:22:33","slug":"portfolio-and-references","status":"publish","type":"page","link":"https:\/\/acocvetic.com\/en\/portfolio-and-references","title":{"rendered":"Portfolio and references"},"content":{"rendered":"<p>[et_pb_section fb_built=&#8221;1&#8243; admin_label=&#8221;section&#8221; _builder_version=&#8221;4.16&#8243; global_colors_info=&#8221;{}&#8221;][et_pb_row admin_label=&#8221;row&#8221; _builder_version=&#8221;4.16&#8243; background_size=&#8221;initial&#8221; background_position=&#8221;top_left&#8221; background_repeat=&#8221;repeat&#8221; global_colors_info=&#8221;{}&#8221;][et_pb_column type=&#8221;4_4&#8243; _builder_version=&#8221;4.16&#8243; custom_padding=&#8221;|||&#8221; global_colors_info=&#8221;{}&#8221; custom_padding__hover=&#8221;|||&#8221;][et_pb_text admin_label=&#8221;Text&#8221; _builder_version=&#8221;4.16&#8243; text_text_color=&#8221;#008bdb&#8221; text_font_size=&#8221;20&#8243; text_letter_spacing=&#8221;1px&#8221; background_size=&#8221;initial&#8221; background_position=&#8221;top_left&#8221; background_repeat=&#8221;repeat&#8221; use_border_color=&#8221;off&#8221; border_color=&#8221;#ffffff&#8221; border_style=&#8221;solid&#8221; global_colors_info=&#8221;{}&#8221;]<\/p>\n<p style=\"text-align: center;\"><strong>Portfolio<\/strong><\/p>\n<p>[\/et_pb_text][et_pb_portfolio fullwidth=&#8221;off&#8221; posts_number=&#8221;20&#8243; include_categories=&#8221;13&#8243; show_pagination=&#8221;off&#8221; admin_label=&#8221;Portfolio&#8221; _builder_version=&#8221;4.23.4&#8243; background_size=&#8221;initial&#8221; background_position=&#8221;top_left&#8221; background_repeat=&#8221;repeat&#8221; hover_enabled=&#8221;0&#8243; custom_css_portfolio_title=&#8221;text-align:center;&#8221; use_border_color=&#8221;off&#8221; border_color=&#8221;#ffffff&#8221; border_style=&#8221;solid&#8221; saved_tabs=&#8221;all&#8221; global_colors_info=&#8221;{}&#8221; show_categories=&#8221;off&#8221; sticky_enabled=&#8221;0&#8243;]<br \/>\n[\/et_pb_portfolio][et_pb_text admin_label=&#8221;Text&#8221; _builder_version=&#8221;4.16&#8243; text_text_color=&#8221;#008bdb&#8221; text_font_size=&#8221;20&#8243; text_letter_spacing=&#8221;1px&#8221; background_size=&#8221;initial&#8221; background_position=&#8221;top_left&#8221; background_repeat=&#8221;repeat&#8221; use_border_color=&#8221;off&#8221; border_color=&#8221;#ffffff&#8221; border_style=&#8221;solid&#8221; global_colors_info=&#8221;{}&#8221;]<\/p>\n<hr \/>\n<p>&nbsp;<\/p>\n<p style=\"text-align: center;\"><strong>References<\/strong><\/p>\n<p>[\/et_pb_text][et_pb_text admin_label=&#8221;Text&#8221; _builder_version=&#8221;4.16&#8243; background_size=&#8221;initial&#8221; background_position=&#8221;top_left&#8221; background_repeat=&#8221;repeat&#8221; use_border_color=&#8221;off&#8221; border_color=&#8221;#ffffff&#8221; border_style=&#8221;solid&#8221; global_colors_info=&#8221;{}&#8221;]<strong>2019<\/strong><\/p>\n<p><strong>All Websites (Italy) \u2013 <\/strong>onsite seo, consulting.<\/p>\n<p><strong>Villa Bettoni (Italy) \u2013 <\/strong> performance optimization, onsite \/ offsite seo, consulting.<\/p>\n<p><strong>Lead Dog Digital (USA) \u2013<\/strong> off-site seo.<\/p>\n<p><strong>Stewarts Doony Brook Auto (USA) \u2013<\/strong>off-site seo.<\/p>\n<p><strong>Global Alarm (USA) \u2013<\/strong>off-site seo.<\/p>\n<p><strong>Younoh Digital Agency (USA) \u2013<\/strong>off-site seo.<\/p>\n<p><strong>DQ Tyler (USA) \u2013<\/strong>off-site seo.<\/p>\n<p><strong>Wally Austin (USA) \u2013<\/strong>off-site seo.<\/p>\n<p><strong>RCD Republicelite (USA) \u2013<\/strong>off-site seo.<\/p>\n<p><strong>Template Cord Magazine (USA) \u2013<\/strong> off-site seo.<\/p>\n<p><strong>Limarija Popovic \u2013 <\/strong>performance optimizaiton, ux, onsite \/ offsite seo.<\/p>\n<p><strong>Eufrak Consults (Germany) \u2013<\/strong> onsite seo.<\/p>\n<p><strong>Hemogum \u2013<\/strong> site redesign, performance optimization, onsite \/ offsite seo.<\/p>\n<p><strong>Crvenka Kapic \u2013<\/strong> onsite seo, consulting.<\/p>\n<p><strong>Elly Elite (USA) \u2013 <\/strong>performance optimization, consulting, onsite \/ offsite seo.<\/p>\n<p><strong>Kotor Bay (Montenegro) \u2013 <\/strong>web design, performance optimizaiton, ux, onsite \/ offsite seo.<\/p>\n<p><strong>Place for lady (USA) \u2013<\/strong> site redesign, onsite seo.<\/p>\n<p><strong>Moto Bike \u2013 <\/strong>performance optimization, onsite seo.<\/p>\n<p><strong>Beo Cleaning \u2013 <\/strong>performance optimization, onsite seo.<\/p>\n<p><strong>Timpro 2010 \u2013 <\/strong>web design.<\/p>\n<hr\/>\n<p><strong>2018<\/strong><\/p>\n<p><strong>Citizens State Bank of Texas (USA) &#8211;<\/strong> off-site seo.<\/p>\n<p><strong>KD Dragan Radovi\u0107 D\u017eoni-<\/strong> website redesign, performance optimization, ux.<\/p>\n<p><strong>Gde proslaviti-<\/strong> performance optimization, ux, seo, consalting.<\/p>\n<p><strong>Pink Elephants &#8211;<\/strong> signle page site design, seo, ux, performance optimization.<\/p>\n<p><strong>Book4it &#8211;<\/strong> website redesign, seo, performance optimization, ux, consalting and employee training.<\/p>\n<p><strong>YugoTour &#8211;<\/strong> website maintenance, performance optimization, ux..<\/p>\n<p><strong>Dip Trade &#8211;<\/strong> seo, performance optimization, ux, consalting&#8230;<\/p>\n<p><strong>Meet Belgrade &#8211;<\/strong> site design, seo, performance optimizaiton, ux, site maintenance, consalting&#8230;<\/p>\n<p><strong>Ibike Budapest (Ma\u0111arska) &#8211;<\/strong> seo, performance optimization, ux, website maintenance, consalting&#8230;<\/p>\n<p><strong>Ibike Belgrade &#8211;<\/strong> seo, ux, consalting, performance optimization, site maintenance&#8230;<\/p>\n<p><strong>Ole Made of Stars (\u010ce\u0161ka) &#8211;<\/strong> google penalty removal, seo, ux, online marketing, consalting&#8230;<\/p>\n<p><strong>NBG Logistics (USA) &#8211;<\/strong> seo, ux, consalting.<\/p>\n<p><strong>Dogoland (USA)-<\/strong> website design, seo, ux, ui, performance optimization&#8230;<\/p>\n<p><strong>Poklon Du\u0107an &#8211;<\/strong> seo, performance optimization.<\/p>\n<p><strong>Childinfo &#8211;<\/strong> website design (wordpress), performance optimization, seo, ux, consalting&#8230;<\/p>\n<p><strong>Moodiranje &#8211;<\/strong> performance optimization, onsite seo, ux, consalting&#8230;<\/p>\n<p><strong>Scarlett 13 (USA) &#8211;<\/strong> media queries and ux.<\/p>\n<p><strong>Vinarija Milosavljevic &#8211;<\/strong> site design (wordpress), ux, seo, optimizaiton of sites graphics&#8230;<\/p>\n<hr \/>\n<p><strong>2017<\/strong><\/p>\n<p><strong>Rute Immigration (Canada) \u2013<\/strong>\u00a0Website Design (wordpress), seo, ux, optimization of graphics for the web, advanced booking form creation\u2026<\/p>\n<p><strong>Igraj za \u017eivot \/ Dance4Life \u2013<\/strong>\u00a0Single page website design (wordpress)<\/p>\n<p><strong>Goldenet (Australia) \u2013<\/strong>\u00a0Design and implementation of the particular site sections (photoshop\/bootstrap)<\/p>\n<p><strong>Oxford Apartment (England) \u2013<\/strong>\u00a0website&#8217;s speed and performance optimization, seo, ux\u2026<\/p>\n<p><strong>Prohrom Cacak \u2013<\/strong>\u00a0Website redesign (from html\/css\/js to wordpress), seo, image optimization, translations\u2026<\/p>\n<p><strong>Danilo Pavlovi\u0107 \u2013<\/strong>\u00a0photography site creation (wordpress) and graphics optimization.<\/p>\n<p><strong>Tehnoliv \u2013<\/strong>\u00a0Redesign (from html\/css\/js to wordpress), photograpy, image optimization, translations, icon \/ banner design\u2026<\/p>\n<p><strong>Re\u0161etke za naftu \u2013<\/strong>\u00a0Singe page site design (bootstrap), photography and image optimization services\u2026<\/p>\n<p><strong>The Antiquarian Book (Slovenia) \u2013<\/strong>\u00a0Auction website design (wordpress), seo, ux, image optimization, social media, consulting, <strong>SSL<\/strong> certificate implementation\u2026<\/p>\n<p><strong>Mama Zna\u00a0\u2013<\/strong>\u00a0 Redesign, E-commerce, sites load speed optimization&#8230;<\/p>\n<p><strong>Sonja Marti\u0107 \u2013<\/strong>\u00a0Redesign, seo, wordpress training&#8230;<\/p>\n<hr \/>\n<p><strong>2016<\/strong><\/p>\n<p><strong>Christine Blundell&#8217;s Makeup Academy (England) &#8211;\u00a0<\/strong>Website redesign, image and websites speed optimization, ux, seo, pdf catalogues creation, email marketing, custom pages (from pdf magazine to html\/css)<\/p>\n<p><strong>Beat &#8211;<\/strong>\u00a0Website design (from pdf to wordpress), website load speed and image optimization, seo<\/p>\n<p><strong>Oxford Acquisitions (England) &#8211;<\/strong>\u00a0Website load speed optimization and seo<\/p>\n<p><strong>Stari Grad Band &#8211;<\/strong>\u00a0Website redesign (WordPress), seo, website load speed and image optimization, online marketing, social media marketing<\/p>\n<p><strong>Kennel Club &#8220;Dragan Radovi\u0107 D\u017eoni&#8221; &#8211; <\/strong>Website design\u00a0(WordPress), page load speed and image size optimization, complex contact form creation for dog show enrollement,\u00a0seo,\u00a0how to use wordpress pdf instructions booklet creation<\/p>\n<p><strong>Aztech Exchange (\u0160panija) &#8211; <\/strong>Website template creation (Bootstrap) from pdf, image optimization<\/p>\n<p><strong>Vodoingenering &#8211;<\/strong>\u00a0Website redesign (WordPress), seo and\u00a0website speed and image optimization.<\/p>\n<p><strong>Oxford Apartment\u00a0(England) &#8211;<\/strong> Website optimization (page load speed and image size optimization), advance SEO and website maintenance.<\/p>\n<p><strong>Purple Industries (USA)<\/strong> \u2013 Website design\u00a0(in process),\u00a0seo planning and online marketing.<\/p>\n<p><strong>\u0160iler Enterijeri\u00a0&#8211;<\/strong> Website and google optimization, and advance SEO (including google ban removal), maintenance and online marketing<\/p>\n<p><strong>Gradis &#8211;<\/strong> Wedsite design (WordPress), seo i website speed and image optimization.<\/p>\n<p><strong>Exall &#8211;\u00a0<\/strong>Wedsite design (WordPress)<\/p>\n<hr \/>\n<p><strong>2015 <\/strong><\/p>\n<p><strong>Cohen Forman Barone LLP (USA) \u2013 <\/strong>Development of responsive wordpress theme from scratch using provided .psd design, and designing of additional pages<\/p>\n<p><strong>Akvapan\u00a0\u2013<\/strong> Website redesign (WordPress), image optimization for the web, banner design, pdf catalogues edit, SEO<\/p>\n<p><strong>Gau\u010dosi Tavern \u2013 Second Home, Belgrade \u2013<\/strong> Website redesign\u00a0(WordPress)<\/p>\n<p><strong>Digitalna Prodavnica\u00a0\u2013\u00a0<\/strong> Website redesign from opencart to wordpress (Online Store),\u00a0image optimization for the web, banner design, online marketing, SEO, Digital Signage presentation design and administration, business card and flyer design.<\/p>\n<p><strong>K-Diamant &amp; Servis Ta\u010dak\u00a0(Croatia) \u2013<\/strong> Website design (WordPress), image optimization for the web, banner design, online marketing and\u00a0SEO<\/p>\n<p><strong>Trendy Travel \u2013<\/strong> Website design (WordPress), online marketing, photography, image optimization for the web, banner design, SEO<\/p>\n<p><strong>Prirodni kamen fontana \u2013<\/strong> Website design (WordPress)<\/p>\n<p><strong>Metaloprerada\u00a0\u2013<\/strong> Website design (WordPress)<\/p>\n<p><strong>Mag032\u00a0\u2013<\/strong> Website design (WordPress)<\/p>\n<p><strong>Vila Smokva (Montenegro)\u00a0\u2013 <\/strong>Website design (WordPress)<\/p>\n<hr \/>\n<p><strong>2014 <\/strong><\/p>\n<p><strong>Digitalna\u00a0Store \u2013\u00a0<\/strong>Website design (Online shop\u00a0\/ Opencart), products photography\u00a0(Photo Box), image\u00a0optimization for the web, preapration and optimization of the text for the website, online marketing and\u00a0SEO, business cards design<\/p>\n<p><strong>Originalni Parfemi\u00a0\u2013\u00a0<\/strong>Website design (Online shop\u00a0\/ Opencart), products photography\u00a0(Photo Box), image\u00a0optimization for the web, preapration and optimization of the text for the website, online marketing and\u00a0SEO<\/p>\n<p><strong>Acoustic Band \u010ca\u010dak \u2013<\/strong> Website maintenance (Drupal) and SEO<\/p>\n<p><strong>Balkan Holand\u00a0\u2013<\/strong> Website design\u00a0(WordPress)<\/p>\n<p><strong>Sme\u0161taj Ulcinj\u00a0 (Montenegro) \u2013<\/strong> Website design (WordPress)<\/p>\n<p><strong>Ercom \u2013\u00a0<\/strong> Website redesign (WordPress)<\/p>\n<p><strong>Ideus\u00a0\u2013 <\/strong>Website design\u00a0(WordPress), photo shooting, image optimization, online marketing and\u00a0SEO<\/p>\n<hr \/>\n<p><strong>2013 <\/strong><\/p>\n<p><strong>Njardar Vikinglag (Norway) \u2013<\/strong> Website design\u00a0(WordPress), photo shoots and content preparation<\/p>\n<p><strong>Pedja Auto\u00a0(Italija)\u00a0\u2013<\/strong> Website design (WordPress)<\/p>\n<p><strong>Vibbet \u2013<\/strong> Website design (WordPress), SEO, online marketing<\/p>\n<p><strong>Elkom\u00a0\u00a0(Montenegro) \u2013<\/strong> Website design (Photoshop \u2013 HTML\/CSS\/JS)\u00a0and website translation<\/p>\n<p><strong>Apartmani Delfini (Montenegro)<\/strong>\u00a0\u2013 Website design\u00a0(WordPress) and website translation<\/p>\n<p><strong>Experience Ulcinj (Montenegro)\u00a0\u2013 <\/strong>Website maintenance\u00a0(WordPress) and\u00a0online marketing<\/p>\n<p><strong>\u010cainfo\u00a0\u2013 <\/strong>Website maintenance\u00a0(WordPress) and\u00a0online marketing<\/p>\n<p><strong>Lazar Filipovi\u0107 \u2013 Triathlon\u00a0\u2013<\/strong> Website deisgn (WordPress)\u00a0and translation<\/p>\n<p><strong>Weltex\u00a0\u2013<\/strong> Website design (WordPress), organizing of photo shoots of models in Bavarian traditional clothing, images optimization for the web.<\/p>\n<p><strong>Djordjoni \u2013<\/strong> Website design (wordpress), online marketing, video clip shoot and video optimization and upload to youtube channel and website.<\/p>\n<p><strong>Apartmani Radosti\u00a0\u2013<\/strong> Website redesign (wordpress), online marketing, SEO<\/p>\n<hr \/>\n<p><strong>2012 <\/strong><\/p>\n<p><strong>Adriatica Brothers (Montenegro) \u2013<\/strong> Website design\u00a0(Photoshop \u2013 HTML\/CSS\/JS),\u00a0logo design, photo shoots, image optimization and website translation<\/p>\n<p><strong>Prohrom \u010ca\u010dak \u2013<\/strong> Website design\u00a0(Photoshop \u2013 HTML\/CSS\/JS), business card design, website translation, SEO<\/p>\n<p><strong>Dom U\u010denika Srednjih \u0160kola, \u010ca\u010dak \u2013<\/strong> Website design\u00a0(Photoshop \u2013 HTML\/CSS\/JS)<\/p>\n<p><strong>Sat-net \u2013\u00a0<\/strong>Website redesign\u00a0(WordPress)<\/p>\n<p><strong>Hotel Pana (Montenegro) \u2013<\/strong> Website design\u00a0(Photoshop \u2013 HTML\/CSS\/JS),\u00a0logo design, photo shoots and website translation<\/p>\n<p><strong>Radosti Zlatibora \u2013<\/strong> Website maintenance (WordPress)\u00a0and online marketing<\/p>\n<p><strong>Palma Haus (Montenegro) \u2013<\/strong> Website design\u00a0(Photoshop \u2013 HTML\/CSS\/JS),\u00a0logo design, photo shoots and website translation<\/p>\n<p><strong>Lithos \u2013<\/strong> Website redesign (Photoshop \u2013 HTML\/CSS\/JS)<\/p>\n<hr \/>\n<p><strong>2011 <\/strong><\/p>\n<p><strong>Teater Tomorrow (Sweden)<\/strong> \u2013 Website design\u00a0(Photoshop \u2013 HTML\/CSS\/JS) and Member Card design<\/p>\n<p><strong>Mip Marinovi\u0107<\/strong> \u2013 Website design\u00a0(Photoshop \u2013 HTML\/CSS\/JS), image optimization for the web, banner design<\/p>\n<p><strong>S-Standard<\/strong> \u2013 Website design\u00a0(Photoshop \u2013 HTML\/CSS\/JS),\u00a0logo design and website translation<\/p>\n<hr \/>\n<p><strong>2010<\/strong><\/p>\n<p><strong>PC ART\u00a0\u2013<\/strong> Website design\u00a0(Photoshop \u2013 HTML\/CSS\/JS)<\/p>\n<p><strong>Mama Zorina Zimnica \u2013<\/strong> Website design\u00a0(Photoshop \u2013 HTML\/CSS\/JS)\u00a0and logo design<\/p>\n<hr \/>\n<p><strong>2009<\/strong><\/p>\n<p><strong>Avax Design<\/strong> \u2013 Website design\u00a0(Photoshop \u2013 HTML\/CSS\/JS)\u00a0and logo design<\/p>\n<p><strong>Lithos<\/strong> \u2013 Website design\u00a0(Photoshop \u2013 HTML\/CSS\/JS)\u00a0and logo design<br \/>\n[\/et_pb_text][\/et_pb_column][\/et_pb_row][\/et_pb_section]<\/p>\n","protected":false},"excerpt":{"rendered":"<p>Portfolio &nbsp; References 2019 All Websites (Italy) \u2013 onsite seo, consulting. Villa Bettoni (Italy) \u2013 performance optimization, onsite \/ offsite seo, consulting. Lead Dog Digital (USA) \u2013 off-site seo. Stewarts Doony Brook Auto (USA) \u2013off-site seo. Global Alarm (USA) \u2013off-site seo. Younoh Digital Agency (USA) \u2013off-site seo. DQ Tyler (USA) \u2013off-site seo. Wally Austin (USA) [&hellip;]<\/p>\n","protected":false},"author":1,"featured_media":0,"parent":0,"menu_order":0,"comment_status":"closed","ping_status":"closed","template":"","meta":{"_et_pb_use_builder":"on","_et_pb_old_content":"","_et_gb_content_width":"","footnotes":""},"class_list":["post-275","page","type-page","status-publish","hentry"],"yoast_head":"<!-- This site is optimized with the Yoast SEO plugin v27.1.1 - https:\/\/yoast.com\/product\/yoast-seo-wordpress\/ -->\n<title>Portfolio and references -<\/title>\n<meta name=\"robots\" content=\"index, follow, max-snippet:-1, max-image-preview:large, max-video-preview:-1\" \/>\n<link rel=\"canonical\" href=\"https:\/\/acocvetic.com\/en\/portfolio-and-references\" \/>\n<meta property=\"og:locale\" content=\"en_US\" \/>\n<meta property=\"og:type\" content=\"article\" \/>\n<meta property=\"og:title\" content=\"Portfolio and references -\" \/>\n<meta property=\"og:description\" content=\"Portfolio &nbsp; References 2019 All Websites (Italy) \u2013 onsite seo, consulting. Villa Bettoni (Italy) \u2013 performance optimization, onsite \/ offsite seo, consulting. Lead Dog Digital (USA) \u2013 off-site seo. Stewarts Doony Brook Auto (USA) \u2013off-site seo. Global Alarm (USA) \u2013off-site seo. Younoh Digital Agency (USA) \u2013off-site seo. DQ Tyler (USA) \u2013off-site seo. Wally Austin (USA) [&hellip;]\" \/>\n<meta property=\"og:url\" content=\"https:\/\/acocvetic.com\/en\/portfolio-and-references\" \/>\n<meta property=\"article:modified_time\" content=\"2024-01-04T18:22:33+00:00\" \/>\n<meta name=\"twitter:card\" content=\"summary_large_image\" \/>\n<meta name=\"twitter:label1\" content=\"Est. reading time\" \/>\n\t<meta name=\"twitter:data1\" content=\"7 minutes\" \/>\n<script type=\"application\/ld+json\" class=\"yoast-schema-graph\">{\"@context\":\"https:\/\/schema.org\",\"@graph\":[{\"@type\":\"WebPage\",\"@id\":\"https:\/\/acocvetic.com\/en\/portfolio-and-references\",\"url\":\"https:\/\/acocvetic.com\/en\/portfolio-and-references\",\"name\":\"Portfolio and references -\",\"isPartOf\":{\"@id\":\"https:\/\/acocvetic.com\/#website\"},\"datePublished\":\"2017-01-07T20:13:21+00:00\",\"dateModified\":\"2024-01-04T18:22:33+00:00\",\"breadcrumb\":{\"@id\":\"https:\/\/acocvetic.com\/en\/portfolio-and-references#breadcrumb\"},\"inLanguage\":\"en-US\",\"potentialAction\":[{\"@type\":\"ReadAction\",\"target\":[\"https:\/\/acocvetic.com\/en\/portfolio-and-references\"]}]},{\"@type\":\"BreadcrumbList\",\"@id\":\"https:\/\/acocvetic.com\/en\/portfolio-and-references#breadcrumb\",\"itemListElement\":[{\"@type\":\"ListItem\",\"position\":1,\"name\":\"Home\",\"item\":\"https:\/\/acocvetic.com\/\"},{\"@type\":\"ListItem\",\"position\":2,\"name\":\"Portfolio and references\"}]},{\"@type\":\"WebSite\",\"@id\":\"https:\/\/acocvetic.com\/#website\",\"url\":\"https:\/\/acocvetic.com\/\",\"name\":\"\",\"description\":\"\",\"potentialAction\":[{\"@type\":\"SearchAction\",\"target\":{\"@type\":\"EntryPoint\",\"urlTemplate\":\"https:\/\/acocvetic.com\/?s={search_term_string}\"},\"query-input\":{\"@type\":\"PropertyValueSpecification\",\"valueRequired\":true,\"valueName\":\"search_term_string\"}}],\"inLanguage\":\"en-US\"}]}<\/script>\n<!-- \/ Yoast SEO plugin. -->","yoast_head_json":{"title":"Portfolio and references -","robots":{"index":"index","follow":"follow","max-snippet":"max-snippet:-1","max-image-preview":"max-image-preview:large","max-video-preview":"max-video-preview:-1"},"canonical":"https:\/\/acocvetic.com\/en\/portfolio-and-references","og_locale":"en_US","og_type":"article","og_title":"Portfolio and references -","og_description":"Portfolio &nbsp; References 2019 All Websites (Italy) \u2013 onsite seo, consulting. Villa Bettoni (Italy) \u2013 performance optimization, onsite \/ offsite seo, consulting. Lead Dog Digital (USA) \u2013 off-site seo. Stewarts Doony Brook Auto (USA) \u2013off-site seo. Global Alarm (USA) \u2013off-site seo. Younoh Digital Agency (USA) \u2013off-site seo. DQ Tyler (USA) \u2013off-site seo. Wally Austin (USA) [&hellip;]","og_url":"https:\/\/acocvetic.com\/en\/portfolio-and-references","article_modified_time":"2024-01-04T18:22:33+00:00","twitter_card":"summary_large_image","twitter_misc":{"Est. reading time":"7 minutes"},"schema":{"@context":"https:\/\/schema.org","@graph":[{"@type":"WebPage","@id":"https:\/\/acocvetic.com\/en\/portfolio-and-references","url":"https:\/\/acocvetic.com\/en\/portfolio-and-references","name":"Portfolio and references -","isPartOf":{"@id":"https:\/\/acocvetic.com\/#website"},"datePublished":"2017-01-07T20:13:21+00:00","dateModified":"2024-01-04T18:22:33+00:00","breadcrumb":{"@id":"https:\/\/acocvetic.com\/en\/portfolio-and-references#breadcrumb"},"inLanguage":"en-US","potentialAction":[{"@type":"ReadAction","target":["https:\/\/acocvetic.com\/en\/portfolio-and-references"]}]},{"@type":"BreadcrumbList","@id":"https:\/\/acocvetic.com\/en\/portfolio-and-references#breadcrumb","itemListElement":[{"@type":"ListItem","position":1,"name":"Home","item":"https:\/\/acocvetic.com\/"},{"@type":"ListItem","position":2,"name":"Portfolio and references"}]},{"@type":"WebSite","@id":"https:\/\/acocvetic.com\/#website","url":"https:\/\/acocvetic.com\/","name":"","description":"","potentialAction":[{"@type":"SearchAction","target":{"@type":"EntryPoint","urlTemplate":"https:\/\/acocvetic.com\/?s={search_term_string}"},"query-input":{"@type":"PropertyValueSpecification","valueRequired":true,"valueName":"search_term_string"}}],"inLanguage":"en-US"}]}},"_links":{"self":[{"href":"https:\/\/acocvetic.com\/en\/wp-json\/wp\/v2\/pages\/275","targetHints":{"allow":["GET"]}}],"collection":[{"href":"https:\/\/acocvetic.com\/en\/wp-json\/wp\/v2\/pages"}],"about":[{"href":"https:\/\/acocvetic.com\/en\/wp-json\/wp\/v2\/types\/page"}],"author":[{"embeddable":true,"href":"https:\/\/acocvetic.com\/en\/wp-json\/wp\/v2\/users\/1"}],"replies":[{"embeddable":true,"href":"https:\/\/acocvetic.com\/en\/wp-json\/wp\/v2\/comments?post=275"}],"version-history":[{"count":2,"href":"https:\/\/acocvetic.com\/en\/wp-json\/wp\/v2\/pages\/275\/revisions"}],"predecessor-version":[{"id":2122,"href":"https:\/\/acocvetic.com\/en\/wp-json\/wp\/v2\/pages\/275\/revisions\/2122"}],"wp:attachment":[{"href":"https:\/\/acocvetic.com\/en\/wp-json\/wp\/v2\/media?parent=275"}],"curies":[{"name":"wp","href":"https:\/\/api.w.org\/{rel}","templated":true}]}}